{"id":1610,"date":"2019-10-20T02:22:22","date_gmt":"2019-10-20T00:22:22","guid":{"rendered":"http:\/\/www.cites-castors.com\/?page_id=1610"},"modified":"2020-12-23T20:51:58","modified_gmt":"2020-12-23T19:51:58","slug":"qui-sommes-nous","status":"publish","type":"page","link":"https:\/\/www.cites-castors.com\/?page_id=1610","title":{"rendered":"Qui sommes-nous ?"},"content":{"rendered":"<p><img loading=\"lazy\" class=\"alignleft wp-image-65\" src=\"http:\/\/127.0.0.1\/castors\/wp-content\/uploads\/2019\/02\/LOGO-ACCP-2-1.png\" alt=\"\" width=\"102\" height=\"78\" \/><\/p>\n<h3 style=\"padding-left: 40px;\">L&rsquo;Association Culturelle des Castors de Pessac<\/h3>\n<p class=\"Normal P-1\" style=\"padding-left: 240px; text-align: justify;\"><strong><span class=\"C-1\" style=\"color: #993300;\">L\u2019Association Culturelle des Castors de Pessac est une association loi 1901, cr\u00e9\u00e9e par des habitants de la Cit\u00e9 des Castors de Pessac, pour certains enfants de b\u00e2tisseurs, et pour d\u2019autres, \u00ab nouveaux Castors \u00bb, qui ont \u0153uvr\u00e9 plus de dix ans (1996 \/ 2008) \u00e0 la gestion de l\u2019Association Syndicale qui g\u00e8re les \u00e9quipements collectifs de la Cit\u00e9.<\/span><\/strong><\/p>\n<p class=\"Normal P-1\" style=\"padding-left: 240px; text-align: justify;\"><strong><span class=\"C-1\" style=\"color: #993300;\">L\u2019Association a pour objectifs, l\u2019\u00e9tude, la valorisation et la diffusion de l\u2019histoire du \u00ab\u00a0mouvement Castor\u00a0\u00bb, son origine \u00e0 Pessac, et son d\u00e9veloppement \u00e0 travers la France et au-<wbr \/>del\u00e0 de nos fronti\u00e8res.<\/span><\/strong><\/p>\n<p class=\"Normal P-1\" style=\"padding-left: 240px; text-align: justify;\"><strong><span class=\"C-1\" style=\"color: #993300;\">C\u2019est \u00e9galement les valeurs qui ont pr\u00e9valu et soutenu la cr\u00e9ation et le d\u00e9veloppement du mouvement d\u2019auto-<wbr \/>construction que nous souhaitons continuer \u00e0 faire conna\u00eetre et \u00e0 promouvoir.<\/span><\/strong><\/p>\n<p class=\"Normal P-1\" style=\"padding-left: 240px; text-align: justify;\"><strong><span class=\"C-1\" style=\"color: #993300;\">Les hommes et les femmes qui ont men\u00e9 \u00e0 son terme la construction des trois cit\u00e9s girondines (Pessac, M\u00e9rignac et Villenave d\u2019Ornon) \u00e0 l\u2019initiative du Comit\u00e9 Ouvrier du Logement (C O L) de Bordeaux aux cours des ann\u00e9es 1948 &#8211;<wbr \/> 1958, n\u2019ont pas imagin\u00e9 leur nouvelle vie sans entraide, culture et loisirs. Il ont \u0153uvr\u00e9 ensemble pour le bien de tous.<\/span><\/strong><\/p>\n<p class=\"Normal P-1\" style=\"padding-left: 240px; text-align: justify;\"><strong><span class=\"C-1\" style=\"color: #993300;\">A la nouvelle g\u00e9n\u00e9ration de Castors, leurs descendants et les habitants actuels de ces cit\u00e9s, de ne pas laisser tomber dans l\u2019oubli cette aventure exemplaire !<\/span><\/strong><\/p>\n<p class=\"Normal P-1\" style=\"padding-left: 240px; text-align: justify;\"><strong><span class=\"C-1\" style=\"color: #993300;\">Nous invitons tous ceux qui souhaitent renouer les fils de cette histoire \u00e0 consulter r\u00e9guli\u00e8rement ce portail internet \u00a0\u00ab\u00a0Cit\u00e9s Castors\u00a0\u00bb pour s\u2019informer, prendre contact, nous communiquer des informations sur leur propre histoire, et se joindre \u00e0 notre action.<\/span><\/strong><\/p>\n<p class=\"Normal P-1\" style=\"padding-left: 240px; text-align: justify;\"><strong><span class=\"C-1\" style=\"color: #993300;\">Nous esp\u00e9rons des \u00e9changes amicaux et fructueux entre tous les Castors de France et d\u2019ailleurs<\/span><\/strong><\/p>\n<p class=\"Normal P-1\" style=\"padding-left: 240px; text-align: justify;\"><strong><span class=\"C-1\" style=\"color: #993300;\">Le Conseil d\u2019Administration : Evelyne Bourgelas-<wbr \/>Bertault, Jacqueline Bourgelas, Martine Bourgelas, Sylvie Bourgelas-<wbr \/>Despujols, Elo\u00efse Darracq, Eric Despujols, Fran\u00e7ois Dumas, Bernadette Elizondo-<wbr \/>Morice, Annie Fontbonne-<wbr \/>Bernard, Patrick Fontbonne, Francis Fondeville, Didier Guyot, Marie-<wbr \/>Fran\u00e7oise Treillard, Bernard Treillard.<\/span><\/strong><\/p>\n<p class=\"Normal P-1\" style=\"padding-left: 240px; text-align: justify;\"><strong><span class=\"C-1\" style=\"color: #993300;\">Le Bureau :<br \/>\nMartine Bourgelas, \u00a0&#8211;<wbr \/>\u00a0Pr\u00e9sidente &#8211;<wbr \/>\u00a006 09 07 42 43 &#8211;<wbr \/> martine.bourgelas@orange.fr<br \/>\n<\/span><\/strong><strong><span class=\"C-1\" style=\"color: #993300;\">Sylvie Despujols, &#8211;<wbr \/> Tr\u00e9sori\u00e8re &#8211;<br \/>\n<\/span><\/strong><strong><span class=\"C-1\" style=\"color: #993300;\">Francis Fondeville, \u00a0\u00a0&#8211;<wbr \/>\u00a0Secr\u00e9taire &#8211;<wbr \/>\u00a006 76 74 43 78 &#8211;<wbr \/>\u00a0francisfondeville@free.fr<\/span><\/strong><\/p>\n<p class=\"Normal P-1\" style=\"padding-left: 240px; text-align: justify;\"><strong><span class=\"C-1\" style=\"color: #993300;\">Coordonn\u00e9es : Association Culturelle des Castors de Pessac<br \/>\n<\/span><\/strong><strong><span class=\"C-1\" style=\"color: #993300;\">37. Avenue Pierre C\u00e9r\u00e9sole &#8211;<wbr \/>\u00a033600 &#8211;<wbr \/> Pessac<br \/>\n<\/span><\/strong><strong><span class=\"C-1\" style=\"color: #993300;\">T\u00e9l : 09 54 73 44 83<br \/>\n<\/span><\/strong><strong><span class=\"C-1\" style=\"color: #993300;\">courriel : asso.cult.castors@free.fr &#8211; Portail internet : https:\/\/citescastorsdefrance.fr\/<br \/>\nSite Archives du Mouvement Castor \u00ab\u00a0Fonds Roger Blanc\u00a0\u00bb: http:\/\/www.cites-castors.com<br \/>\n<\/span><\/strong><\/p>\n","protected":false},"excerpt":{"rendered":"<p>L&rsquo;Association Culturelle des Castors de Pessac L\u2019Association Culturelle des Castors de Pessac est une association loi 1901, cr\u00e9\u00e9e par des habitants de la Cit\u00e9 des Castors de Pessac, pour certains enfants de b\u00e2tisseurs, et pour d\u2019autres, \u00ab nouveaux Castors \u00bb, qui ont \u0153uvr\u00e9 plus de dix ans (1996 \/ 2008) \u00e0 la gestion de l\u2019Association [&hellip;]<\/p>\n","protected":false},"author":1,"featured_media":0,"parent":0,"menu_order":0,"comment_status":"closed","ping_status":"closed","template":"","meta":[],"_links":{"self":[{"href":"https:\/\/www.cites-castors.com\/index.php?rest_route=\/wp\/v2\/pages\/1610"}],"collection":[{"href":"https:\/\/www.cites-castors.com\/index.php?rest_route=\/wp\/v2\/pages"}],"about":[{"href":"https:\/\/www.cites-castors.com\/index.php?rest_route=\/wp\/v2\/types\/page"}],"author":[{"embeddable":true,"href":"https:\/\/www.cites-castors.com\/index.php?rest_route=\/wp\/v2\/users\/1"}],"replies":[{"embeddable":true,"href":"https:\/\/www.cites-castors.com\/index.php?rest_route=%2Fwp%2Fv2%2Fcomments&post=1610"}],"version-history":[{"count":5,"href":"https:\/\/www.cites-castors.com\/index.php?rest_route=\/wp\/v2\/pages\/1610\/revisions"}],"predecessor-version":[{"id":6218,"href":"https:\/\/www.cites-castors.com\/index.php?rest_route=\/wp\/v2\/pages\/1610\/revisions\/6218"}],"wp:attachment":[{"href":"https:\/\/www.cites-castors.com\/index.php?rest_route=%2Fwp%2Fv2%2Fmedia&parent=1610"}],"curies":[{"name":"wp","href":"https:\/\/api.w.org\/{rel}","templated":true}]}}