{"id":1654,"date":"2019-10-21T22:25:13","date_gmt":"2019-10-21T20:25:13","guid":{"rendered":"http:\/\/www.cites-castors.com\/?page_id=1654"},"modified":"2019-10-29T11:13:45","modified_gmt":"2019-10-29T10:13:45","slug":"archives-auvergne-rhone-alpes","status":"publish","type":"page","link":"https:\/\/www.cites-castors.com\/?page_id=1654","title":{"rendered":"Archives Auvergne-Rh\u00f4ne-Alpes"},"content":{"rendered":"<p><strong><span style=\"color: #993300;\">En s\u00e9lectionnant une r\u00e9gion donn\u00e9e, vous\u00a0 acc\u00e9dez au r\u00e9pertoire des documents et archives dont nous disposons pour cette r\u00e9gion.<\/span><\/strong><br \/>\n<strong><span style=\"color: #993300;\">Vous pouvez visionner le format num\u00e9rique pour quelques unes d&rsquo;entre elles en cliquant sur \u00ab\u00a0voir\u00a0\u00bb en bout de ligne \u00e0 droite.<br \/>\n<\/span><\/strong><strong><span style=\"color: #993300;\">Au fur et \u00e0 mesure de l&rsquo;\u00e9volution du site nous allons num\u00e9riser les documents les plus int\u00e9ressants pour qu&rsquo;ils puissent \u00eatre consult\u00e9s en ligne.<br \/>\nVous pouvez nous contacter pour un rendez-vous afin de consulter ces archives, ou si vous \u00eates int\u00e9ress\u00e9 par des copies de certaines d&rsquo;entre elles (dans la mesure du possible).<br \/>\nSi vous \u00eates en possession d&rsquo;archives Castors que vous voulez porter \u00e0 la connaissance du public, vous pouvez nous en envoyer une copie num\u00e9rique ou, au moins, leurs caract\u00e9ristiques en respectant les crit\u00e8res de ce r\u00e9pertoire.<\/span><\/strong><\/p>\n\n<table id=\"tablepress-14\" class=\"tablepress tablepress-id-14\">\n<thead>\n<tr class=\"row-1 odd\">\n\t<th class=\"column-1\">Localite<\/th><th class=\"column-2\">Cite<\/th><th class=\"column-3\">Theme  Titre du document<\/th><th class=\"column-4\">Auteur<\/th><th class=\"column-5\">Editeur<\/th><th class=\"column-6\">Date du doc<\/th><th class=\"column-7\">Support<\/th><th class=\"column-8\">Lien<\/th>\n<\/tr>\n<\/thead>\n<tbody class=\"row-hover\">\n<tr class=\"row-2 even\">\n\t<td class=\"column-1\">STE-FOY-LES-LYON<\/td><td class=\"column-2\">LA MULATIERE<\/td><td class=\"column-3\">RESISTANTS ET BATISSEURS<\/td><td class=\"column-4\"><br\/><\/td><td class=\"column-5\"><br\/><\/td><td class=\"column-6\">NOV 2007<\/td><td class=\"column-7\">PAPIER<\/td><td class=\"column-8\"><br\/><\/td>\n<\/tr>\n<tr class=\"row-3 odd\">\n\t<td class=\"column-1\">VALENCE<\/td><td class=\"column-2\">PETIT CHARRAN<\/td><td class=\"column-3\">DOSSIER SUR LES CASTORS DE PETIT CHARRAN A VALENCE DROME<\/td><td class=\"column-4\">CLAUDE ET ANNE MARIE SERILLON<\/td><td class=\"column-5\"><br\/><\/td><td class=\"column-6\">2013<\/td><td class=\"column-7\">COPIE NUMERIQUE<\/td><td class=\"column-8\"><br\/><\/td>\n<\/tr>\n<tr class=\"row-4 even\">\n\t<td class=\"column-1\">VALENCE<\/td><td class=\"column-2\">PETIT CHARRAN<\/td><td class=\"column-3\">DOSSIER SUR LES CASTORS DE PETIT CHARRAN A VALENCE DROME<\/td><td class=\"column-4\">CLAUDE ET ANNE MARIE SERILLON<\/td><td class=\"column-5\"><br\/><\/td><td class=\"column-6\">2013<\/td><td class=\"column-7\">PAPIER<\/td><td class=\"column-8\"><br\/><\/td>\n<\/tr>\n<tr class=\"row-5 odd\">\n\t<td class=\"column-1\">LE CREUSOT<\/td><td class=\"column-2\">CITE DU CREUSOT<\/td><td class=\"column-3\">LES CASTORS DU CREUSOT<\/td><td class=\"column-4\">ANNIE BERNARD-FONTBONNE<\/td><td class=\"column-5\"><br\/><\/td><td class=\"column-6\">16\/05\/2015<\/td><td class=\"column-7\">COPIE NUMERIQUE<\/td><td class=\"column-8\"><br\/><\/td>\n<\/tr>\n<tr class=\"row-6 even\">\n\t<td class=\"column-1\">MONTLUCON<\/td><td class=\"column-2\">CITE DES BOURBONS<\/td><td class=\"column-3\">DANS LES  ANNEES 1950 LA COOPERATIVE DES CASTORS MONTLUCONNAIS A CONSTRUIT 41 MAISONS - 1950 - 1954<\/td><td class=\"column-4\"><br\/><\/td><td class=\"column-5\">LA MONTAGNE<\/td><td class=\"column-6\">1950 - 1954<\/td><td class=\"column-7\">PAPIER<\/td><td class=\"column-8\"><br\/><\/td>\n<\/tr>\n<tr class=\"row-7 odd\">\n\t<td class=\"column-1\"><br\/><\/td><td class=\"column-2\">CASTORS RHONE ALPES<\/td><td class=\"column-3\">AUTO-CONSTRUCTEURS - LES CASTORS RHONE ALPES<\/td><td class=\"column-4\"><br\/><\/td><td class=\"column-5\">CASTORS RHONE ALPES<\/td><td class=\"column-6\">2016<\/td><td class=\"column-7\">PAPIER<\/td><td class=\"column-8\"><br\/><\/td>\n<\/tr>\n<tr class=\"row-8 even\">\n\t<td class=\"column-1\">BRON<\/td><td class=\"column-2\">CASTORS <\/td><td class=\"column-3\">LES CASTORS BATISSEURS DANS L AME - DU PRIVE AU COMMUNAUTAIRE<\/td><td class=\"column-4\"><br\/><\/td><td class=\"column-5\">BRON MAGAZINE N\u00c2\u00b0 175<\/td><td class=\"column-6\">10\/2006<\/td><td class=\"column-7\">PAPIER<\/td><td class=\"column-8\"><br\/><\/td>\n<\/tr>\n<tr class=\"row-9 odd\">\n\t<td class=\"column-1\">MONTLUCON - MOULINS - YSEURE<\/td><td class=\"column-2\"><br\/><\/td><td class=\"column-3\">QUI SONT LES CASTORS ? DANS L ALLIER MONTLUCON MOULINS YZEURE<\/td><td class=\"column-4\">CECILIA GOGUILLON - FRANCOIS XAVIER GUUTTON<\/td><td class=\"column-5\">ATAVIST<\/td><td class=\"column-6\"><br\/><\/td><td class=\"column-7\">PAPIER<\/td><td class=\"column-8\"><br\/><\/td>\n<\/tr>\n<tr class=\"row-10 even\">\n\t<td class=\"column-1\">VAUX EN VELIN<\/td><td class=\"column-2\">LES CASTORS DE LA SOIE<\/td><td class=\"column-3\">BIENVENUE CHEZ ROGER LE DERNIER CASTOR DE LA SOIE - VAUX EN VELIN<\/td><td class=\"column-4\">ISABELLE BRIONE<\/td><td class=\"column-5\">LE PROGRES<\/td><td class=\"column-6\">07\/09\/2016<\/td><td class=\"column-7\">PAPIER<\/td><td class=\"column-8\"><br\/><\/td>\n<\/tr>\n<tr class=\"row-11 odd\">\n\t<td class=\"column-1\">LYON<\/td><td class=\"column-2\">LES CASTORS LYONNAIS<\/td><td class=\"column-3\">LES CASTORS LYONNAIS DES SOLUTIONS  D AUTO-CONSTRUCTION SOUTENUES PAR LES AUTORITES CIVILES ET RELIGIEUSES<\/td><td class=\"column-4\">DANIELE VOLDMAN<\/td><td class=\"column-5\"><br\/><\/td><td class=\"column-6\">1997<\/td><td class=\"column-7\">PAPIER<\/td><td class=\"column-8\"><br\/><\/td>\n<\/tr>\n<tr class=\"row-12 even\">\n\t<td class=\"column-1\">VENISSIEUX<\/td><td class=\"column-2\">LES CASTORS<\/td><td class=\"column-3\">NEES SOUS LE SIGNE DU CASTOR<\/td><td class=\"column-4\">JEAN CHARLES LEMEUNIER<\/td><td class=\"column-5\">LES NOUVELLES DE VENISSIEUX<\/td><td class=\"column-6\">13\/10\/2012<\/td><td class=\"column-7\">PAPIER<\/td><td class=\"column-8\"><br\/><\/td>\n<\/tr>\n<tr class=\"row-13 odd\">\n\t<td class=\"column-1\">DECINES CHARPIEU<\/td><td class=\"column-2\">LES CASTORS<\/td><td class=\"column-3\">IL Y A 60 ANS LA COMMUNE PRENAIT UNE NOUVELLE DIMENSION - LES CASTORS DE DECINES - CHARPIEU<\/td><td class=\"column-4\"><br\/><\/td><td class=\"column-5\">LE PROGRES<\/td><td class=\"column-6\">20\/07\/2014<\/td><td class=\"column-7\">PAPIER<\/td><td class=\"column-8\"><br\/><\/td>\n<\/tr>\n<tr class=\"row-14 even\">\n\t<td class=\"column-1\">SATHONAY CAMP<\/td><td class=\"column-2\">LES CASTORS<\/td><td class=\"column-3\">LES CASTORS DE SATHONAY CAMP<\/td><td class=\"column-4\"><br\/><\/td><td class=\"column-5\"><br\/><\/td><td class=\"column-6\">2017<\/td><td class=\"column-7\">PAPIER<\/td><td class=\"column-8\"><br\/><\/td>\n<\/tr>\n<tr class=\"row-15 odd\">\n\t<td class=\"column-1\">CHAMBON SUR LIGNON<\/td><td class=\"column-2\">CASTORS<\/td><td class=\"column-3\">PETITES ET GRANDES HISTOIRE DU COLLEGE CEVENOL - 1953 LES CASTORS 1<\/td><td class=\"column-4\"><br\/><\/td><td class=\"column-5\"><br\/><\/td><td class=\"column-6\">01\/10\/2008<\/td><td class=\"column-7\">PAPIER<\/td><td class=\"column-8\"><br\/><\/td>\n<\/tr>\n<tr class=\"row-16 even\">\n\t<td class=\"column-1\">SAINT ETIENNE<\/td><td class=\"column-2\">CASTORS BEAULIEU LE ROND-POINT<\/td><td class=\"column-3\">LES CASTORS C EST COMME UNE FAMILLE - BEAULIEU LE ROND POINT SAINT ETIENNE<\/td><td class=\"column-4\"><br\/><\/td><td class=\"column-5\">LE PROGRES<\/td><td class=\"column-6\">29\/05\/2016<\/td><td class=\"column-7\">PAPIER<\/td><td class=\"column-8\"><br\/><\/td>\n<\/tr>\n<tr class=\"row-17 odd\">\n\t<td class=\"column-1\">SAINT ETIENNE<\/td><td class=\"column-2\">CASTORS VILLEBOEUF<\/td><td class=\"column-3\">LES CASTORS DERRIERE LA MARANDINIERE A VILLEBOEUF - SAINT ETIENNE<\/td><td class=\"column-4\"><br\/><\/td><td class=\"column-5\"><br\/><\/td><td class=\"column-6\"><br\/><\/td><td class=\"column-7\">PAPIER<\/td><td class=\"column-8\"><br\/><\/td>\n<\/tr>\n<tr class=\"row-18 even\">\n\t<td class=\"column-1\">BEAUMONT<\/td><td class=\"column-2\">CASTORS CITE A LA PLAINE<\/td><td class=\"column-3\">UN SIECLE EN PAROLES 1910 - 2010 SOUVENIRS D HABITANTS BEAUMONT<\/td><td class=\"column-4\"><br\/><\/td><td class=\"column-5\">REVUE VILLE BEAUMONT<\/td><td class=\"column-6\">2010<\/td><td class=\"column-7\">PAPIER<\/td><td class=\"column-8\"><br\/><\/td>\n<\/tr>\n<tr class=\"row-19 odd\">\n\t<td class=\"column-1\">VILLEURBANNE<\/td><td class=\"column-2\">LES CASTORS<\/td><td class=\"column-3\">COPROPRIETE LES CASTORS  VILLEURBANNE<\/td><td class=\"column-4\"><br\/><\/td><td class=\"column-5\"><br\/><\/td><td class=\"column-6\">2017<\/td><td class=\"column-7\">PAPIER<\/td><td class=\"column-8\"><br\/><\/td>\n<\/tr>\n<tr class=\"row-20 even\">\n\t<td class=\"column-1\">CLERMONT FERRAND<\/td><td class=\"column-2\">CASTORS<\/td><td class=\"column-3\">QUAND LES OUVRIERS SE REGROUPENT POUR CONSTRUIRE LEURS MAISONS<\/td><td class=\"column-4\">PIERRE GABRIEL GONZALEZ<\/td><td class=\"column-5\">LA MONTAGNE<\/td><td class=\"column-6\">25\/08\/2014<\/td><td class=\"column-7\">PAPIER<\/td><td class=\"column-8\"><br\/><\/td>\n<\/tr>\n<tr class=\"row-21 odd\">\n\t<td class=\"column-1\">CLERMONT FERRAND<\/td><td class=\"column-2\">CASTORS<\/td><td class=\"column-3\">MON CLERMONT SECRET<\/td><td class=\"column-4\">PIERRE GABRIEL GONZALEZ<\/td><td class=\"column-5\">LA MONTAGNE<\/td><td class=\"column-6\">2014<\/td><td class=\"column-7\">PAPIER<\/td><td class=\"column-8\"><br\/><\/td>\n<\/tr>\n<tr class=\"row-22 even\">\n\t<td class=\"column-1\">MONTLUCON - MOULINS - YSEURE<\/td><td class=\"column-2\"><br\/><\/td><td class=\"column-3\">VidEo : FranCois-Xavier Gutton - La Montagne  - DANS L ALLIER MONTLUCON MOULINS YZEURE<\/td><td class=\"column-4\">CECILIA GOGUILLON - FRANCOIS XAVIER GUTTON<\/td><td class=\"column-5\">ATAVIST<\/td><td class=\"column-6\"><br\/><\/td><td class=\"column-7\">COPIE NUMERIQUE<\/td><td class=\"column-8\"><br\/><\/td>\n<\/tr>\n<tr class=\"row-23 odd\">\n\t<td class=\"column-1\">MONTLUCON - MOULINS - YSEURE<\/td><td class=\"column-2\"><br\/><\/td><td class=\"column-3\">LES CASTORS ONT CONSTRUIT DES LOGEMENTS A  MOULINS ET  YZEURE<\/td><td class=\"column-4\">CECILIA GOGUILLON<\/td><td class=\"column-5\">LA MONTAGNE<\/td><td class=\"column-6\">04\/07\/2015<\/td><td class=\"column-7\">PAPIER<\/td><td class=\"column-8\"><br\/><\/td>\n<\/tr>\n<tr class=\"row-24 even\">\n\t<td class=\"column-1\">CLERMONT FERRAND<\/td><td class=\"column-2\">CASTORS MONTFERRANDAIS<\/td><td class=\"column-3\">LES CASTORS MONFERRANDAIS<\/td><td class=\"column-4\">MICHEL BERTRAND<\/td><td class=\"column-5\"><br\/><\/td><td class=\"column-6\"><br\/><\/td><td class=\"column-7\">PAPIER<\/td><td class=\"column-8\"><br\/><\/td>\n<\/tr>\n<tr class=\"row-25 odd\">\n\t<td class=\"column-1\">SAINT ETIENNE<\/td><td class=\"column-2\">CASTORS<\/td><td class=\"column-3\">CINQUANTE QUATRE FAMILLES STEPHANOISES PARTENT A LA CONQUETE DE LA METARE POUR Y CONSTRUIRE LEUR MAISON<\/td><td class=\"column-4\">MARIE CHRISTINE BARNABE - MICHELE ALLIOT - ODETTE &amp; ROGER TAILLANDIER - JEAN PIERRE BERTHOUZE - STEPHANE RAFFARD<\/td><td class=\"column-5\"><br\/><\/td><td class=\"column-6\">20\/10\/2008<\/td><td class=\"column-7\">PAPIER<\/td><td class=\"column-8\"><br\/><\/td>\n<\/tr>\n<tr class=\"row-26 even\">\n\t<td class=\"column-1\"><br\/><\/td><td class=\"column-2\">CASTORS RHONE ALPES<\/td><td class=\"column-3\">AUTO-CONSTRUCTEURS - LES CASTORS RHONE ALPES - 20H DE FRANCE2<\/td><td class=\"column-4\">FRANCOISE VALLET<\/td><td class=\"column-5\">FRANCE 2<\/td><td class=\"column-6\">03\/07\/2018<\/td><td class=\"column-7\">COPIE NUMERIQUE<\/td><td class=\"column-8\"><br\/>\" \/><\/td>\n<\/tr>\n<\/tbody>\n<\/table>\n<!-- #tablepress-14 from cache -->\n<p>&nbsp;<\/p>\n","protected":false},"excerpt":{"rendered":"<p>En s\u00e9lectionnant une r\u00e9gion donn\u00e9e, vous\u00a0 acc\u00e9dez au r\u00e9pertoire des documents et archives dont nous disposons pour cette r\u00e9gion. Vous pouvez visionner le format num\u00e9rique pour quelques unes d&rsquo;entre elles en cliquant sur \u00ab\u00a0voir\u00a0\u00bb en bout de ligne \u00e0 droite. Au fur et \u00e0 mesure de l&rsquo;\u00e9volution du site nous allons num\u00e9riser les documents les [&hellip;]<\/p>\n","protected":false},"author":1,"featured_media":0,"parent":0,"menu_order":0,"comment_status":"closed","ping_status":"closed","template":"","meta":[],"_links":{"self":[{"href":"https:\/\/www.cites-castors.com\/index.php?rest_route=\/wp\/v2\/pages\/1654"}],"collection":[{"href":"https:\/\/www.cites-castors.com\/index.php?rest_route=\/wp\/v2\/pages"}],"about":[{"href":"https:\/\/www.cites-castors.com\/index.php?rest_route=\/wp\/v2\/types\/page"}],"author":[{"embeddable":true,"href":"https:\/\/www.cites-castors.com\/index.php?rest_route=\/wp\/v2\/users\/1"}],"replies":[{"embeddable":true,"href":"https:\/\/www.cites-castors.com\/index.php?rest_route=%2Fwp%2Fv2%2Fcomments&post=1654"}],"version-history":[{"count":8,"href":"https:\/\/www.cites-castors.com\/index.php?rest_route=\/wp\/v2\/pages\/1654\/revisions"}],"predecessor-version":[{"id":2029,"href":"https:\/\/www.cites-castors.com\/index.php?rest_route=\/wp\/v2\/pages\/1654\/revisions\/2029"}],"wp:attachment":[{"href":"https:\/\/www.cites-castors.com\/index.php?rest_route=%2Fwp%2Fv2%2Fmedia&parent=1654"}],"curies":[{"name":"wp","href":"https:\/\/api.w.org\/{rel}","templated":true}]}}