{"id":1680,"date":"2019-10-21T23:02:20","date_gmt":"2019-10-21T21:02:20","guid":{"rendered":"http:\/\/www.cites-castors.com\/?page_id=1680"},"modified":"2019-10-29T13:09:25","modified_gmt":"2019-10-29T12:09:25","slug":"archives-grand-est","status":"publish","type":"page","link":"https:\/\/www.cites-castors.com\/?page_id=1680","title":{"rendered":"Archives Grand Est"},"content":{"rendered":"<p style=\"text-align: justify;\"><strong><span style=\"color: #993300;\">En s\u00e9lectionnant une r\u00e9gion donn\u00e9e, vous\u00a0 acc\u00e9dez au r\u00e9pertoire des documents et archives dont nous disposons pour cette r\u00e9gion.<\/span><\/strong><br \/>\n<strong><span style=\"color: #993300;\">Vous pouvez visionner le format num\u00e9rique pour quelques unes d&rsquo;entre elles en cliquant sur \u00ab\u00a0voir\u00a0\u00bb en bout de ligne \u00e0 droite.<br \/>\n<\/span><\/strong><strong><span style=\"color: #993300;\">Au fur et \u00e0 mesure de l&rsquo;\u00e9volution du site nous allons num\u00e9riser les documents les plus int\u00e9ressants pour qu&rsquo;ils puissent \u00eatre consult\u00e9s en ligne.<br \/>\nVous pouvez nous contacter pour un rendez-vous afin de consulter ces archives, ou si vous \u00eates int\u00e9ress\u00e9 par des copies de certaines d&rsquo;entre elles (dans la mesure du possible).<br \/>\nSi vous \u00eates en possession d&rsquo;archives Castors que vous voulez porter \u00e0 la connaissance du public, vous pouvez nous en envoyer une copie num\u00e9rique ou, au moins, leurs caract\u00e9ristiques en respectant les crit\u00e8res de ce r\u00e9pertoire<\/span><\/strong><strong><span style=\"color: #993300;\">.<\/span><\/strong><\/p>\n<p style=\"text-align: justify;\"><strong><span style=\"color: #993300;\">\n<table id=\"tablepress-18\" class=\"tablepress tablepress-id-18\">\n<thead>\n<tr class=\"row-1 odd\">\n\t<th class=\"column-1\">Localite<\/th><th class=\"column-2\">Cite<\/th><th class=\"column-3\">Theme  Titre du document<\/th><th class=\"column-4\">Auteur<\/th><th class=\"column-5\">Editeur<\/th><th class=\"column-6\">Date du doc<\/th><th class=\"column-7\">Support<\/th><th class=\"column-8\">Lien<\/th>\n<\/tr>\n<\/thead>\n<tbody class=\"row-hover\">\n<tr class=\"row-2 even\">\n\t<td class=\"column-1\">CHAVIGNY<\/td><td class=\"column-2\">CASTORS<\/td><td class=\"column-3\">VIVRE ENSEMBLE  - LE TEMPS DES CASTORS A CHAVIGNY<\/td><td class=\"column-4\"><br\/><\/td><td class=\"column-5\">SITE DE CHAVIGNY<\/td><td class=\"column-6\">2013<\/td><td class=\"column-7\">PAPIER<\/td><td class=\"column-8\"><br\/><\/td>\n<\/tr>\n<tr class=\"row-3 odd\">\n\t<td class=\"column-1\">EPINAL<\/td><td class=\"column-2\">CASTORS DU SAUT LE CERF<\/td><td class=\"column-3\">LES CASTORS DU SAUT LE CERF A EPINAL<\/td><td class=\"column-4\"><br\/><\/td><td class=\"column-5\">CENTRE LEO LAGRANGE<\/td><td class=\"column-6\">2017<\/td><td class=\"column-7\">PAPIER<\/td><td class=\"column-8\"><br\/><\/td>\n<\/tr>\n<tr class=\"row-4 even\">\n\t<td class=\"column-1\">MARANGE SILVANGE<\/td><td class=\"column-2\">MARANGE SILVANGE<\/td><td class=\"column-3\">LE MOUVEMENT CASTORS EN LORRAINE DE SA NAISSANCE A 1952<\/td><td class=\"column-4\">EUGENE GABRIEL<\/td><td class=\"column-5\">CAHIER LORRAIN N3<\/td><td class=\"column-6\">SEPT 2001<\/td><td class=\"column-7\">PAPIER<\/td><td class=\"column-8\"><br\/><\/td>\n<\/tr>\n<tr class=\"row-5 odd\">\n\t<td class=\"column-1\">MARANGE-SILVANGE<\/td><td class=\"column-2\">CITE CASTOR MARANGE-SILVANGE<\/td><td class=\"column-3\">PLACE DE PESSAC A LA CITE CASTOR MARANGE-SILVANGE<\/td><td class=\"column-4\"><br\/><\/td><td class=\"column-5\"><br\/><\/td><td class=\"column-6\"><br\/><\/td><td class=\"column-7\">COPIE NUMERIQUE<\/td><td class=\"column-8\"><br\/><\/td>\n<\/tr>\n<tr class=\"row-6 even\">\n\t<td class=\"column-1\">MONTOIS LA MONTAGNE<\/td><td class=\"column-2\">CASTORS<\/td><td class=\"column-3\">UN FILM SUR LE QUARTIER DES CASTORS DE MONTOIS LA MONTAGNE<\/td><td class=\"column-4\">EUGENE GABRIEL<\/td><td class=\"column-5\">REPUBLICAIN LORRAIN <\/td><td class=\"column-6\">12\/03\/2016<\/td><td class=\"column-7\">PAPIER<\/td><td class=\"column-8\"><br\/><\/td>\n<\/tr>\n<tr class=\"row-7 odd\">\n\t<td class=\"column-1\">NEUF CHEF<\/td><td class=\"column-2\">CASTORS<\/td><td class=\"column-3\">LES CASTORS DE NEUF CHEF EN MOSELLE<\/td><td class=\"column-4\"><br\/><\/td><td class=\"column-5\">SITE COMMUNE<\/td><td class=\"column-6\">2017<\/td><td class=\"column-7\">PAPIER<\/td><td class=\"column-8\"><br\/><\/td>\n<\/tr>\n<tr class=\"row-8 even\">\n\t<td class=\"column-1\">SAINT-DIES-DES-VOSGES<\/td><td class=\"column-2\">SAINT-DIES-DES-VOSGES<\/td><td class=\"column-3\">CITE CASTORS SAINT-DIES-DES-VOSGES<\/td><td class=\"column-4\">PHOTOS E C T M<\/td><td class=\"column-5\"><br\/><\/td><td class=\"column-6\">2015<\/td><td class=\"column-7\">COPIE NUMERIQUE<\/td><td class=\"column-8\"><br\/><\/td>\n<\/tr>\n<tr class=\"row-9 odd\">\n\t<td class=\"column-1\">SARREGUEMINES<\/td><td class=\"column-2\">CITE DES CASTORS<\/td><td class=\"column-3\">CITE DES CASTORS UNE BELLE AVENTURE HUMAINE - SARREGUEMINES<\/td><td class=\"column-4\"><br\/><\/td><td class=\"column-5\">LE REPUBLICAIN LORRAIN<\/td><td class=\"column-6\">24\/08\/2011<\/td><td class=\"column-7\">PAPIER<\/td><td class=\"column-8\"><br\/><\/td>\n<\/tr>\n<\/tbody>\n<\/table>\n<!-- #tablepress-18 from cache --><\/span><\/strong><\/p>\n<p>&nbsp;<\/p>\n","protected":false},"excerpt":{"rendered":"<p>En s\u00e9lectionnant une r\u00e9gion donn\u00e9e, vous\u00a0 acc\u00e9dez au r\u00e9pertoire des documents et archives dont nous disposons pour cette r\u00e9gion. Vous pouvez visionner le format num\u00e9rique pour quelques unes d&rsquo;entre elles en cliquant sur \u00ab\u00a0voir\u00a0\u00bb en bout de ligne \u00e0 droite. Au fur et \u00e0 mesure de l&rsquo;\u00e9volution du site nous allons num\u00e9riser les documents les [&hellip;]<\/p>\n","protected":false},"author":1,"featured_media":0,"parent":0,"menu_order":0,"comment_status":"closed","ping_status":"closed","template":"","meta":[],"_links":{"self":[{"href":"https:\/\/www.cites-castors.com\/index.php?rest_route=\/wp\/v2\/pages\/1680"}],"collection":[{"href":"https:\/\/www.cites-castors.com\/index.php?rest_route=\/wp\/v2\/pages"}],"about":[{"href":"https:\/\/www.cites-castors.com\/index.php?rest_route=\/wp\/v2\/types\/page"}],"author":[{"embeddable":true,"href":"https:\/\/www.cites-castors.com\/index.php?rest_route=\/wp\/v2\/users\/1"}],"replies":[{"embeddable":true,"href":"https:\/\/www.cites-castors.com\/index.php?rest_route=%2Fwp%2Fv2%2Fcomments&post=1680"}],"version-history":[{"count":5,"href":"https:\/\/www.cites-castors.com\/index.php?rest_route=\/wp\/v2\/pages\/1680\/revisions"}],"predecessor-version":[{"id":2043,"href":"https:\/\/www.cites-castors.com\/index.php?rest_route=\/wp\/v2\/pages\/1680\/revisions\/2043"}],"wp:attachment":[{"href":"https:\/\/www.cites-castors.com\/index.php?rest_route=%2Fwp%2Fv2%2Fmedia&parent=1680"}],"curies":[{"name":"wp","href":"https:\/\/api.w.org\/{rel}","templated":true}]}}