{"id":1689,"date":"2019-10-21T23:09:04","date_gmt":"2019-10-21T21:09:04","guid":{"rendered":"http:\/\/www.cites-castors.com\/?page_id=1689"},"modified":"2019-10-29T20:37:43","modified_gmt":"2019-10-29T19:37:43","slug":"archives-normandie","status":"publish","type":"page","link":"https:\/\/www.cites-castors.com\/?page_id=1689","title":{"rendered":"Archives Normandie"},"content":{"rendered":"<p style=\"text-align: justify; padding-left: 40px;\"><strong><span style=\"color: #993300;\">En s\u00e9lectionnant une r\u00e9gion donn\u00e9e, vous\u00a0 acc\u00e9dez au r\u00e9pertoire des documents et archives dont nous disposons pour cette r\u00e9gion.<\/span><\/strong><br \/>\n<strong><span style=\"color: #993300;\">Vous pouvez visionner le format num\u00e9rique pour quelques unes d&rsquo;entre elles en cliquant sur \u00ab\u00a0voir\u00a0\u00bb en bout de ligne \u00e0 droite.<br \/>\n<\/span><\/strong><strong><span style=\"color: #993300;\">Au fur et \u00e0 mesure de l&rsquo;\u00e9volution du site nous allons num\u00e9riser les documents les plus int\u00e9ressants pour qu&rsquo;ils puissent \u00eatre consult\u00e9s en ligne.<br \/>\nVous pouvez nous contacter pour un rendez-vous afin de consulter ces archives, ou si vous \u00eates int\u00e9ress\u00e9 par des copies de certaines d&rsquo;entre elles (dans la mesure du possible).<br \/>\nSi vous \u00eates en possession d&rsquo;archives Castors que vous voulez porter \u00e0 la connaissance du public, vous pouvez nous en envoyer une copie num\u00e9rique ou, au moins, leurs caract\u00e9ristiques en respectant les crit\u00e8res de ce r\u00e9pertoire.<\/span><\/strong><\/p>\n<p style=\"text-align: justify; padding-left: 40px;\">\n<table id=\"tablepress-23\" class=\"tablepress tablepress-id-23\">\n<thead>\n<tr class=\"row-1 odd\">\n\t<th class=\"column-1\">Localite<\/th><th class=\"column-2\">Cite<\/th><th class=\"column-3\">Theme  Titre du document<\/th><th class=\"column-4\">Auteur<\/th><th class=\"column-5\">Editeur<\/th><th class=\"column-6\">Date du doc<\/th><th class=\"column-7\">Support<\/th><th class=\"column-8\">Lien<\/th>\n<\/tr>\n<\/thead>\n<tbody class=\"row-hover\">\n<tr class=\"row-2 even\">\n\t<td class=\"column-1\">CAEN<\/td><td class=\"column-2\"><br\/><\/td><td class=\"column-3\"> LES Z ECOBATISSEURS UNE UTOPIE DU M2 <\/td><td class=\"column-4\">RICHARD BLUM<\/td><td class=\"column-5\">BANDE PASSANTE<\/td><td class=\"column-6\">27\/03\/2014<\/td><td class=\"column-7\">DVD \/ CDROM<\/td><td class=\"column-8\"><br\/><\/td>\n<\/tr>\n<tr class=\"row-3 odd\">\n\t<td class=\"column-1\">CHERBOURG EN COTENTIN<\/td><td class=\"column-2\">CASTORS TOURLAVILLE<\/td><td class=\"column-3\">CASTORS TOURLAVILLE CHERBOURG EN COTENTIN - PLAN VILLE<\/td><td class=\"column-4\"><br\/><\/td><td class=\"column-5\"><br\/><\/td><td class=\"column-6\">2017<\/td><td class=\"column-7\">PAPIER<\/td><td class=\"column-8\"><br\/><\/td>\n<\/tr>\n<tr class=\"row-4 even\">\n\t<td class=\"column-1\">LOUVIGNY - CAEN<\/td><td class=\"column-2\"><br\/><\/td><td class=\"column-3\">PROGRAMME SOIREE CINE DEBAT HABITER ENSEMBLE CHACUN CHEZ SOI<\/td><td class=\"column-4\">C A U E DE LA GIRONDE<\/td><td class=\"column-5\"><br\/><\/td><td class=\"column-6\">27\/03\/2014<\/td><td class=\"column-7\">PAPIER<\/td><td class=\"column-8\"><br\/><\/td>\n<\/tr>\n<tr class=\"row-5 odd\">\n\t<td class=\"column-1\">SAINT ETIENNE DU ROUVRAY<\/td><td class=\"column-2\">CASTORS SAINT ETIENNE DU ROUVRAY<\/td><td class=\"column-3\">SAINT ETIENNE DU ROUVRAY - LES CASTORS FETERONT DEMAIN DIMANCHE LA 48E EDITION DE LEUR TRADITIONNELLE FETE<br\/>LES CASTORS TRES ACTIFS<\/td><td class=\"column-4\"><br\/><\/td><td class=\"column-5\">PARIS NORMANDIE<\/td><td class=\"column-6\">25\/08\/2012<\/td><td class=\"column-7\">PAPIER<\/td><td class=\"column-8\"><br\/><\/td>\n<\/tr>\n<tr class=\"row-6 even\">\n\t<td class=\"column-1\">SAINT ETIENNE DU ROUVRAY<\/td><td class=\"column-2\">CASTORS SAINT ETIENNE DU ROUVRAY<\/td><td class=\"column-3\">SAINT ETIENNE DU ROUVRAY - FASCICULE DE L EXPOSITION 160 ANS DE COMMERCE ET D ARTISANAT STEPHANAIS<\/td><td class=\"column-4\"><br\/><\/td><td class=\"column-5\">PARIS NORMANDIE<\/td><td class=\"column-6\">FEV 2010<\/td><td class=\"column-7\">COPIE NUMERIQUE<\/td><td class=\"column-8\"><br\/><\/td>\n<\/tr>\n<tr class=\"row-7 odd\">\n\t<td class=\"column-1\">SAINT GERMAIN DU CORBEIS<\/td><td class=\"column-2\">CASTORS<\/td><td class=\"column-3\">UNE INFORMATION DES RIVERAINS DE LA CITE DES CASTORS<\/td><td class=\"column-4\"><br\/><\/td><td class=\"column-5\">OUEST FRANCE<\/td><td class=\"column-6\">14\/02\/2017<\/td><td class=\"column-7\">PAPIER<\/td><td class=\"column-8\"><br\/><\/td>\n<\/tr>\n<tr class=\"row-8 even\">\n\t<td class=\"column-1\">SOTTEVILLE LES ROUEN<\/td><td class=\"column-2\">CASTORS SOTTEVILLE<\/td><td class=\"column-3\">C EST MON QUARTIER A ... SOTTEVILLE - AUX CASTORS CALME ET SERENITE<\/td><td class=\"column-4\"><br\/><\/td><td class=\"column-5\">PARIS NORMANDIE<\/td><td class=\"column-6\">28\/05\/2017<\/td><td class=\"column-7\">PAPIER<\/td><td class=\"column-8\"><br\/><\/td>\n<\/tr>\n<tr class=\"row-9 odd\">\n\t<td class=\"column-1\">SOTTEVILLE LES ROUEN<\/td><td class=\"column-2\">CASTORS SOTTEVILLE<\/td><td class=\"column-3\">PROJET REGLEMENT REGROUPEMENT CASTORS DE LA FAMILLE DU CHEMINOT ET DU COMITE INTERPROFESSIONNEL DU LOGEMENT  REUNIS DE SOTTEVILLE LES ROUENS<\/td><td class=\"column-4\"><br\/><\/td><td class=\"column-5\"><br\/><\/td><td class=\"column-6\">1981<\/td><td class=\"column-7\">PAPIER<\/td><td class=\"column-8\"><br\/><\/td>\n<\/tr>\n<\/tbody>\n<\/table>\n<!-- #tablepress-23 from cache --><\/p>\n<p>&nbsp;<\/p>\n","protected":false},"excerpt":{"rendered":"<p>En s\u00e9lectionnant une r\u00e9gion donn\u00e9e, vous\u00a0 acc\u00e9dez au r\u00e9pertoire des documents et archives dont nous disposons pour cette r\u00e9gion. Vous pouvez visionner le format num\u00e9rique pour quelques unes d&rsquo;entre elles en cliquant sur \u00ab\u00a0voir\u00a0\u00bb en bout de ligne \u00e0 droite. Au fur et \u00e0 mesure de l&rsquo;\u00e9volution du site nous allons num\u00e9riser les documents les [&hellip;]<\/p>\n","protected":false},"author":1,"featured_media":0,"parent":0,"menu_order":0,"comment_status":"closed","ping_status":"closed","template":"","meta":[],"_links":{"self":[{"href":"https:\/\/www.cites-castors.com\/index.php?rest_route=\/wp\/v2\/pages\/1689"}],"collection":[{"href":"https:\/\/www.cites-castors.com\/index.php?rest_route=\/wp\/v2\/pages"}],"about":[{"href":"https:\/\/www.cites-castors.com\/index.php?rest_route=\/wp\/v2\/types\/page"}],"author":[{"embeddable":true,"href":"https:\/\/www.cites-castors.com\/index.php?rest_route=\/wp\/v2\/users\/1"}],"replies":[{"embeddable":true,"href":"https:\/\/www.cites-castors.com\/index.php?rest_route=%2Fwp%2Fv2%2Fcomments&post=1689"}],"version-history":[{"count":4,"href":"https:\/\/www.cites-castors.com\/index.php?rest_route=\/wp\/v2\/pages\/1689\/revisions"}],"predecessor-version":[{"id":2064,"href":"https:\/\/www.cites-castors.com\/index.php?rest_route=\/wp\/v2\/pages\/1689\/revisions\/2064"}],"wp:attachment":[{"href":"https:\/\/www.cites-castors.com\/index.php?rest_route=%2Fwp%2Fv2%2Fmedia&parent=1689"}],"curies":[{"name":"wp","href":"https:\/\/api.w.org\/{rel}","templated":true}]}}