{"id":1694,"date":"2019-10-21T23:11:44","date_gmt":"2019-10-21T21:11:44","guid":{"rendered":"http:\/\/www.cites-castors.com\/?page_id=1694"},"modified":"2019-10-29T20:34:00","modified_gmt":"2019-10-29T19:34:00","slug":"archives-occitanie","status":"publish","type":"page","link":"https:\/\/www.cites-castors.com\/?page_id=1694","title":{"rendered":"Archives Occitanie"},"content":{"rendered":"<p><strong><span style=\"color: #993300;\">En s\u00e9lectionnant une r\u00e9gion donn\u00e9e, vous\u00a0 acc\u00e9dez au r\u00e9pertoire des documents et archives dont nous disposons pour cette r\u00e9gion.<\/span><\/strong><br \/>\n<strong><span style=\"color: #993300;\">Vous pouvez visionner le format num\u00e9rique pour quelques unes d&rsquo;entre elles en cliquant sur \u00ab\u00a0voir\u00a0\u00bb en bout de ligne \u00e0 droite.<br \/>\n<\/span><\/strong><strong><span style=\"color: #993300;\">Au fur et \u00e0 mesure de l&rsquo;\u00e9volution du site nous allons num\u00e9riser les documents les plus int\u00e9ressants pour qu&rsquo;ils puissent \u00eatre consult\u00e9s en ligne.<br \/>\nVous pouvez nous contacter pour un rendez-vous afin de consulter ces archives, ou si vous \u00eates int\u00e9ress\u00e9 par des copies de certaines d&rsquo;entre elles (dans la mesure du possible).<br \/>\nSi vous \u00eates en possession d&rsquo;archives Castors que vous voulez porter \u00e0 la connaissance du public, vous pouvez nous en envoyer une copie num\u00e9rique ou, au moins, leurs caract\u00e9ristiques en respectant les crit\u00e8res de ce r\u00e9pertoire.<\/span><\/strong><\/p>\n\n<table id=\"tablepress-22\" class=\"tablepress tablepress-id-22\">\n<thead>\n<tr class=\"row-1 odd\">\n\t<th class=\"column-1\">Localite<\/th><th class=\"column-2\">Cite<\/th><th class=\"column-3\">Theme  Titre du document<\/th><th class=\"column-4\">Auteur<\/th><th class=\"column-5\">Editeur<\/th><th class=\"column-6\">Date du doc<\/th><th class=\"column-7\">Support<\/th><th class=\"column-8\">Lien<\/th>\n<\/tr>\n<\/thead>\n<tbody class=\"row-hover\">\n<tr class=\"row-2 even\">\n\t<td class=\"column-1\">AUREILHAN<\/td><td class=\"column-2\">CASTORS A\u00c3\u00afDOT<\/td><td class=\"column-3\">ORIGINE ET HISTORIQUE DU QUARTIER DES CASTORS AIDOT A AUREILHAN<\/td><td class=\"column-4\"><br\/><\/td><td class=\"column-5\">TOULOUSE AUJOURD HUI - LE  PARISIEN<\/td><td class=\"column-6\">16\/09\/2016<\/td><td class=\"column-7\">PAPIER<\/td><td class=\"column-8\"><br\/><\/td>\n<\/tr>\n<tr class=\"row-3 odd\">\n\t<td class=\"column-1\">AUREILHAN<\/td><td class=\"column-2\">LES CASTORS<\/td><td class=\"column-3\">LES JOURNEES DU PATRIMOINE ET QUARTIER DES CASTORS - AUREILHAN<\/td><td class=\"column-4\"><br\/><\/td><td class=\"column-5\">NLLE REP PYRENEES<\/td><td class=\"column-6\">09\/09\/2016<\/td><td class=\"column-7\">PAPIER<\/td><td class=\"column-8\"><br\/><\/td>\n<\/tr>\n<tr class=\"row-4 even\">\n\t<td class=\"column-1\">CARCASSONNE<\/td><td class=\"column-2\">CASTORS<\/td><td class=\"column-3\">CARCASSONNE - UN HAVRE DE TRANQUILITE -  QUARTIER LES CASTORS - PIERRE BLANCHE<\/td><td class=\"column-4\">CLAUDE MARQUIE<\/td><td class=\"column-5\">LA DEPECHE.FR<\/td><td class=\"column-6\">06\/11\/1999<\/td><td class=\"column-7\">PAPIER<\/td><td class=\"column-8\"><br\/><\/td>\n<\/tr>\n<tr class=\"row-5 odd\">\n\t<td class=\"column-1\">CARCASSONNE<\/td><td class=\"column-2\">CASTORS DE CARCASSONNE<\/td><td class=\"column-3\">HISTOIRE DE LA CITE DES CASTORS DE CARCASSONNE<\/td><td class=\"column-4\"><br\/><\/td><td class=\"column-5\"><br\/><\/td><td class=\"column-6\">2018<\/td><td class=\"column-7\">PAPIER<\/td><td class=\"column-8\"><br\/><\/td>\n<\/tr>\n<tr class=\"row-6 even\">\n\t<td class=\"column-1\">LAVERUNE<\/td><td class=\"column-2\">CITE DES CASTORS<\/td><td class=\"column-3\">LAVERUNE - MARCEL DURAND - UN GRAND BATISSEUR S EN EST ALLE<\/td><td class=\"column-4\"><br\/><\/td><td class=\"column-5\">MIDI LIBRE<\/td><td class=\"column-6\">09\/10\/2015<\/td><td class=\"column-7\">PAPIER<\/td><td class=\"column-8\"><br\/><\/td>\n<\/tr>\n<tr class=\"row-7 odd\">\n\t<td class=\"column-1\">MAUVEZIN<\/td><td class=\"column-2\">CITE DES CASTORS<\/td><td class=\"column-3\">LES CINQUANTENAIRES DE LA CITE DES CASTORS DE MAUVEZIN<\/td><td class=\"column-4\"><br\/><\/td><td class=\"column-5\">LA DEPECHE DU MIDI<\/td><td class=\"column-6\">07\/09\/2016<\/td><td class=\"column-7\">PAPIER<\/td><td class=\"column-8\"><br\/><\/td>\n<\/tr>\n<tr class=\"row-8 even\">\n\t<td class=\"column-1\">MILLAU<\/td><td class=\"column-2\">MILLAU<\/td><td class=\"column-3\">IL Y A  50 ANS - SOCIETE CLAIR LOGIS<\/td><td class=\"column-4\">COLLECTIF CASTORS MILLAU<\/td><td class=\"column-5\"><br\/><\/td><td class=\"column-6\">2005<\/td><td class=\"column-7\">PAPIER<\/td><td class=\"column-8\"><br\/><\/td>\n<\/tr>\n<tr class=\"row-9 odd\">\n\t<td class=\"column-1\">MILLAU<\/td><td class=\"column-2\">MILLAU<\/td><td class=\"column-3\">SOCIETE CLAIR LOGIS - CASTORS DE MILLAU<\/td><td class=\"column-4\">COLLECTIF CASTORS MILLAU<\/td><td class=\"column-5\"><br\/><\/td><td class=\"column-6\">08-09\/2014<\/td><td class=\"column-7\">COPIE NUMERIQUE<\/td><td class=\"column-8\"><br\/><\/td>\n<\/tr>\n<tr class=\"row-10 even\">\n\t<td class=\"column-1\">MILLAU<\/td><td class=\"column-2\">MILLAU<\/td><td class=\"column-3\">GARDAREM LO LARZAC<\/td><td class=\"column-4\"><br\/><\/td><td class=\"column-5\"><br\/><\/td><td class=\"column-6\">2014<\/td><td class=\"column-7\">PAPIER<\/td><td class=\"column-8\"><br\/><\/td>\n<\/tr>\n<tr class=\"row-11 odd\">\n\t<td class=\"column-1\">MONTPELLIER<\/td><td class=\"column-2\">CITE DES CASTORS DE BOUTONNET<\/td><td class=\"column-3\">CHRONIQUE DES CASTORS DE BOUTONNET - MONTPELLIER<\/td><td class=\"column-4\"><br\/><\/td><td class=\"column-5\"><br\/><\/td><td class=\"column-6\">1952 \/ 1959<\/td><td class=\"column-7\">PAPIER<\/td><td class=\"column-8\"><br\/><\/td>\n<\/tr>\n<tr class=\"row-12 even\">\n\t<td class=\"column-1\">MONTPELLIER<\/td><td class=\"column-2\">CITE DES CASTORS DE BOUTONNET<\/td><td class=\"column-3\">PRESENTATION  DES CASTORS DE BOUTONNET - MONTPELLIER<\/td><td class=\"column-4\"><br\/><\/td><td class=\"column-5\"><br\/><\/td><td class=\"column-6\">2018<\/td><td class=\"column-7\">COPIE NUMERIQUE<\/td><td class=\"column-8\"><br\/><\/td>\n<\/tr>\n<tr class=\"row-13 odd\">\n\t<td class=\"column-1\">PERPIGNAN<\/td><td class=\"column-2\">CITE DES CASTORS<\/td><td class=\"column-3\">IL ETAIT UNE FOIS... LA CITE DES CASTORS - PERPIGNAN<\/td><td class=\"column-4\"><br\/><\/td><td class=\"column-5\"> L INDEPENDANT<\/td><td class=\"column-6\">24\/01\/2013<\/td><td class=\"column-7\">PAPIER<\/td><td class=\"column-8\"><br\/><\/td>\n<\/tr>\n<tr class=\"row-14 even\">\n\t<td class=\"column-1\">PERPIGNAN<\/td><td class=\"column-2\">CITE DES CASTORS DE SAINT ASSISCLE<\/td><td class=\"column-3\">LES CASTORS - UNE CITE D UN AUTRE TEMPS - A PERPIGNAN BD SAINT ASSISCLE<\/td><td class=\"column-4\">PHILIPPE COMAS<\/td><td class=\"column-5\"> L INDEPENDANT<\/td><td class=\"column-6\">15 MAI 2018<\/td><td class=\"column-7\">PAPIER<\/td><td class=\"column-8\"><br\/><\/td>\n<\/tr>\n<tr class=\"row-15 odd\">\n\t<td class=\"column-1\">PRADES<\/td><td class=\"column-2\">CASTORS<\/td><td class=\"column-3\">HISTOIRE DU QUARTIER DES CASTORS DE PRADES<\/td><td class=\"column-4\"><br\/><\/td><td class=\"column-5\"><br\/><\/td><td class=\"column-6\">2009<\/td><td class=\"column-7\">PAPIER<\/td><td class=\"column-8\"><br\/><\/td>\n<\/tr>\n<tr class=\"row-16 even\">\n\t<td class=\"column-1\">PRADES<\/td><td class=\"column-2\">LES CASTORS<\/td><td class=\"column-3\">PRADES - RETOUVAILLES EMOUVANTES DES CASTORS AU CINEMA LE LIDO<\/td><td class=\"column-4\"><br\/><\/td><td class=\"column-5\">L INDEPENDANT<\/td><td class=\"column-6\">20\/02\/2013<\/td><td class=\"column-7\">PAPIER<\/td><td class=\"column-8\"><br\/><\/td>\n<\/tr>\n<tr class=\"row-17 odd\">\n\t<td class=\"column-1\">PRADES<\/td><td class=\"column-2\">LES CASTORS<\/td><td class=\"column-3\">L HISTOIRE DES CASTORS DE PRADES<\/td><td class=\"column-4\"><br\/><\/td><td class=\"column-5\">ASSOCIATION LE RELAIS<\/td><td class=\"column-6\">21\/11\/2009<\/td><td class=\"column-7\">COPIE NUMERIQUE<\/td><td class=\"column-8\"><br\/><\/td>\n<\/tr>\n<tr class=\"row-18 even\">\n\t<td class=\"column-1\">PRADES<\/td><td class=\"column-2\">CASTORS<\/td><td class=\"column-3\">1953 - 1957 LA GRANDE AVENTURE DE LA CITE OUVRIERE DES CASTORS PRADEENS<\/td><td class=\"column-4\">JEANNE CAMPS<\/td><td class=\"column-5\"><br\/><\/td><td class=\"column-6\">AVRIL 2014<\/td><td class=\"column-7\">PAPIER<\/td><td class=\"column-8\"><br\/><\/td>\n<\/tr>\n<tr class=\"row-19 odd\">\n\t<td class=\"column-1\">PRADES<\/td><td class=\"column-2\">CASTORS<\/td><td class=\"column-3\">AFFICHE FETE DU QUARTIER DES CASTORS DE PRADES<\/td><td class=\"column-4\"><br\/><\/td><td class=\"column-5\"><br\/><\/td><td class=\"column-6\">10\/06\/2018<\/td><td class=\"column-7\">PAPIER<\/td><td class=\"column-8\"><br\/><\/td>\n<\/tr>\n<tr class=\"row-20 even\">\n\t<td class=\"column-1\">SAINT JEAN<\/td><td class=\"column-2\">CITE CASTOR <\/td><td class=\"column-3\">1959 - 1969 LES CASTORS DE SAINT JEAN<\/td><td class=\"column-4\"><br\/><\/td><td class=\"column-5\"><br\/><\/td><td class=\"column-6\">1959 - 1969<\/td><td class=\"column-7\">COPIE NUMERIQUE<\/td><td class=\"column-8\"><br\/><\/td>\n<\/tr>\n<tr class=\"row-21 odd\">\n\t<td class=\"column-1\">SAINT JEAN DU GARD<\/td><td class=\"column-2\">CITE CASTOR<\/td><td class=\"column-3\"><br\/><\/td><td class=\"column-4\"><br\/><\/td><td class=\"column-5\"><br\/><\/td><td class=\"column-6\"><br\/><\/td><td class=\"column-7\"><br\/><\/td><td class=\"column-8\"><br\/><\/td>\n<\/tr>\n<tr class=\"row-22 even\">\n\t<td class=\"column-1\">SAMATAN<\/td><td class=\"column-2\">CITE DES CASTORS<\/td><td class=\"column-3\">LOMBEZ - SAMATAN - BIENVENUE A GABRIEL PETIT FILS DE CASTOR<\/td><td class=\"column-4\"><br\/><\/td><td class=\"column-5\">LA DEPECHE<\/td><td class=\"column-6\">26\/12\/2009<\/td><td class=\"column-7\">PAPIER<\/td><td class=\"column-8\"><br\/><\/td>\n<\/tr>\n<tr class=\"row-23 odd\">\n\t<td class=\"column-1\">TARBES<\/td><td class=\"column-2\">CASTORS<\/td><td class=\"column-3\">LES CASTORS AUTOCONSTRUCTEURS<\/td><td class=\"column-4\"><br\/><\/td><td class=\"column-5\">YVETTE - LE MAGAZINE QUI GARBURE<\/td><td class=\"column-6\">05\/2019<\/td><td class=\"column-7\">COPIE NUMERIQUE<\/td><td class=\"column-8\"><br\/><\/td>\n<\/tr>\n<tr class=\"row-24 even\">\n\t<td class=\"column-1\">TOULOUSE<\/td><td class=\"column-2\">BAGATELLE<\/td><td class=\"column-3\">LES CINQUANTE ANS DE LA CITE CASTOR DE BAGATELLE A TOULOUSE<\/td><td class=\"column-4\">LA DEPECHE DE TOULOUSE<\/td><td class=\"column-5\"><br\/><\/td><td class=\"column-6\">12\/06\/2012<\/td><td class=\"column-7\">PAPIER<\/td><td class=\"column-8\"><br\/><\/td>\n<\/tr>\n<tr class=\"row-25 odd\">\n\t<td class=\"column-1\">TOULOUSE<\/td><td class=\"column-2\">BAGATELLE<\/td><td class=\"column-3\">LES CINQUANTE ANS DE LA CITE CASTOR DE BAGATELLE OUBLIE DU PLU<\/td><td class=\"column-4\">LA DEPECHE DE TOULOUSE<\/td><td class=\"column-5\"><br\/><\/td><td class=\"column-6\">08\/01\/2013<\/td><td class=\"column-7\">PAPIER<\/td><td class=\"column-8\"><br\/><\/td>\n<\/tr>\n<tr class=\"row-26 even\">\n\t<td class=\"column-1\">TOULOUSE<\/td><td class=\"column-2\">SAINT-JEAN<\/td><td class=\"column-3\">CONTACT MAIL HABITANTE CITE CASTOR DE ST JEAN TOULOUSE<\/td><td class=\"column-4\">CLAUDINE ALABERT<\/td><td class=\"column-5\"><br\/><\/td><td class=\"column-6\">17\/06\/2016<\/td><td class=\"column-7\">PAPIER<\/td><td class=\"column-8\"><br\/><\/td>\n<\/tr>\n<tr class=\"row-27 odd\">\n\t<td class=\"column-1\">TOULOUSE<\/td><td class=\"column-2\">BAGATELLE<\/td><td class=\"column-3\">LES CASTORS DE BAGATELLE - LES PIONNIERS DE L AUTOCONSTRUCTION D APRES GUERRE<\/td><td class=\"column-4\">MATHIEU ARNAL<\/td><td class=\"column-5\"><br\/><\/td><td class=\"column-6\">10\/04\/2014<\/td><td class=\"column-7\">PAPIER<\/td><td class=\"column-8\"><br\/><\/td>\n<\/tr>\n<tr class=\"row-28 even\">\n\t<td class=\"column-1\">TOULOUSE<\/td><td class=\"column-2\">BAGATELLE<\/td><td class=\"column-3\">TOULOUSE LA CITE DES CASTORS LE VILLAGE DES PREMIERS HABITANTS DE BAGATELLE <\/td><td class=\"column-4\"><br\/><\/td><td class=\"column-5\">FRANCE 3 MIDI PYRENEES<\/td><td class=\"column-6\">26\/09\/2016<\/td><td class=\"column-7\">PAPIER<\/td><td class=\"column-8\"><br\/><\/td>\n<\/tr>\n<tr class=\"row-29 odd\">\n\t<td class=\"column-1\">TOULOUSE<\/td><td class=\"column-2\">BAGATELLE<\/td><td class=\"column-3\">L ATTACHEMENT COMME FORCE DE RESISTANCE FACE A L EFFACEMENT DE LA MEMOIRE<\/td><td class=\"column-4\">NOEL JOUENNE<\/td><td class=\"column-5\">ECOLE NATIONALE SUPERIEURE D ARCHITECTURE DE TOULOUSE<\/td><td class=\"column-6\">10\/2015<\/td><td class=\"column-7\">PAPIER<\/td><td class=\"column-8\"><br\/><\/td>\n<\/tr>\n<tr class=\"row-30 even\">\n\t<td class=\"column-1\">TOULOUSE<\/td><td class=\"column-2\">BAGATELLE<\/td><td class=\"column-3\">L AUTOCONSTRUCTION OU L HISTOIRE D UN LOTISSEMENT DE CASTORS  A TOULOUSE<\/td><td class=\"column-4\">ARCHIVES TOULOUSE<\/td><td class=\"column-5\"><br\/><\/td><td class=\"column-6\">2017<\/td><td class=\"column-7\">PAPIER<\/td><td class=\"column-8\"><br\/><\/td>\n<\/tr>\n<tr class=\"row-31 odd\">\n\t<td class=\"column-1\">TOULOUSE<\/td><td class=\"column-2\">BAGATELLE<\/td><td class=\"column-3\">BAGATELLE : LA CITE DES CASTORS FETE SES 60 ANS - TOULOUSE<\/td><td class=\"column-4\">DOMINIQUE DATH<\/td><td class=\"column-5\">LA DEPECHE<\/td><td class=\"column-6\">29\/06\/2015<\/td><td class=\"column-7\">PAPIER<\/td><td class=\"column-8\"><br\/><\/td>\n<\/tr>\n<tr class=\"row-32 even\">\n\t<td class=\"column-1\">TOULOUSE<\/td><td class=\"column-2\">SAINT-JEAN<\/td><td class=\"column-3\">CITE DES CASTORS : LA OU LE VILLAGE PRIS RACINE -  ST JEAN TOULOUSE<\/td><td class=\"column-4\"><br\/><\/td><td class=\"column-5\">LA DEPECHE<\/td><td class=\"column-6\">03\/12\/2004<\/td><td class=\"column-7\">PAPIER<\/td><td class=\"column-8\"><br\/><\/td>\n<\/tr>\n<tr class=\"row-33 odd\">\n\t<td class=\"column-1\">TOULOUSE<\/td><td class=\"column-2\">LA CARTOUCHERIE<\/td><td class=\"column-3\">A TOULOUSE IL SONT ADEPTES DE L HABITAT PARTICIPATIF<\/td><td class=\"column-4\"><br\/><\/td><td class=\"column-5\">SUD OUEST<\/td><td class=\"column-6\">18\/03\/2018<\/td><td class=\"column-7\">PAPIER<\/td><td class=\"column-8\"><br\/><\/td>\n<\/tr>\n<tr class=\"row-34 even\">\n\t<td class=\"column-1\">TOULOUSE<\/td><td class=\"column-2\">CASTORS BAGATELLE<\/td><td class=\"column-3\">LA CITE DES CASTORS UN QUARTIER FAIT MAIN - TOULOUSE BAGATELLE <\/td><td class=\"column-4\">PIERJEAN FRISON<\/td><td class=\"column-5\">FRANCE 3 MIDI EN FRANCE<\/td><td class=\"column-6\">03\/02\/2015<\/td><td class=\"column-7\">COPIE NUMERIQUE<\/td><td class=\"column-8\"><br\/><\/td>\n<\/tr>\n<\/tbody>\n<\/table>\n<!-- #tablepress-22 from cache -->\n","protected":false},"excerpt":{"rendered":"<p>En s\u00e9lectionnant une r\u00e9gion donn\u00e9e, vous\u00a0 acc\u00e9dez au r\u00e9pertoire des documents et archives dont nous disposons pour cette r\u00e9gion. Vous pouvez visionner le format num\u00e9rique pour quelques unes d&rsquo;entre elles en cliquant sur \u00ab\u00a0voir\u00a0\u00bb en bout de ligne \u00e0 droite. Au fur et \u00e0 mesure de l&rsquo;\u00e9volution du site nous allons num\u00e9riser les documents les [&hellip;]<\/p>\n","protected":false},"author":1,"featured_media":0,"parent":0,"menu_order":0,"comment_status":"closed","ping_status":"closed","template":"","meta":[],"_links":{"self":[{"href":"https:\/\/www.cites-castors.com\/index.php?rest_route=\/wp\/v2\/pages\/1694"}],"collection":[{"href":"https:\/\/www.cites-castors.com\/index.php?rest_route=\/wp\/v2\/pages"}],"about":[{"href":"https:\/\/www.cites-castors.com\/index.php?rest_route=\/wp\/v2\/types\/page"}],"author":[{"embeddable":true,"href":"https:\/\/www.cites-castors.com\/index.php?rest_route=\/wp\/v2\/users\/1"}],"replies":[{"embeddable":true,"href":"https:\/\/www.cites-castors.com\/index.php?rest_route=%2Fwp%2Fv2%2Fcomments&post=1694"}],"version-history":[{"count":3,"href":"https:\/\/www.cites-castors.com\/index.php?rest_route=\/wp\/v2\/pages\/1694\/revisions"}],"predecessor-version":[{"id":2061,"href":"https:\/\/www.cites-castors.com\/index.php?rest_route=\/wp\/v2\/pages\/1694\/revisions\/2061"}],"wp:attachment":[{"href":"https:\/\/www.cites-castors.com\/index.php?rest_route=%2Fwp%2Fv2%2Fmedia&parent=1694"}],"curies":[{"name":"wp","href":"https:\/\/api.w.org\/{rel}","templated":true}]}}