{"id":1696,"date":"2019-10-21T23:12:28","date_gmt":"2019-10-21T21:12:28","guid":{"rendered":"http:\/\/www.cites-castors.com\/?page_id=1696"},"modified":"2019-10-30T06:53:26","modified_gmt":"2019-10-30T05:53:26","slug":"archives-pays-de-la-loire","status":"publish","type":"page","link":"https:\/\/www.cites-castors.com\/?page_id=1696","title":{"rendered":"Archives Pays de la Loire"},"content":{"rendered":"<p><strong><span style=\"color: #993300;\">En s\u00e9lectionnant une r\u00e9gion donn\u00e9e, vous\u00a0 acc\u00e9dez au r\u00e9pertoire des documents et archives dont nous disposons pour cette r\u00e9gion.<\/span><\/strong><br \/>\n<strong><span style=\"color: #993300;\">Vous pouvez visionner le format num\u00e9rique pour quelques unes d&rsquo;entre elles en cliquant sur \u00ab\u00a0voir\u00a0\u00bb en bout de ligne \u00e0 droite.<br \/>\n<\/span><\/strong><strong><span style=\"color: #993300;\">Au fur et \u00e0 mesure de l&rsquo;\u00e9volution du site nous allons num\u00e9riser les documents les plus int\u00e9ressants pour qu&rsquo;ils puissent \u00eatre consult\u00e9s en ligne.<br \/>\nVous pouvez nous contacter pour un rendez-vous afin de consulter ces archives, ou si vous \u00eates int\u00e9ress\u00e9 par des copies de certaines d&rsquo;entre elles (dans la mesure du possible).<br \/>\nSi vous \u00eates en possession d&rsquo;archives Castors que vous voulez porter \u00e0 la connaissance du public, vous pouvez nous en envoyer une copie num\u00e9rique ou, au moins, leurs caract\u00e9ristiques en respectant les crit\u00e8res de ce r\u00e9pertoire.<\/span><\/strong><\/p>\n\n<table id=\"tablepress-37\" class=\"tablepress tablepress-id-37\">\n<thead>\n<tr class=\"row-1 odd\">\n\t<th class=\"column-1\">Localite<\/th><th class=\"column-2\">Cite<\/th><th class=\"column-3\">Theme  Titre du document<\/th><th class=\"column-4\">Auteur<\/th><th class=\"column-5\">Editeur<\/th><th class=\"column-6\">Date du doc<\/th><th class=\"column-7\">Support<\/th><th class=\"column-8\">Lien<\/th>\n<\/tr>\n<\/thead>\n<tbody class=\"row-hover\">\n<tr class=\"row-2 even\">\n\t<td class=\"column-1\">CHALONNES \/ LOIRE<\/td><td class=\"column-2\">CHALONNES \/ LOIRE<\/td><td class=\"column-3\">COURRIER DE LA MAIRIE DE CHALONNES SUR LOIRE<\/td><td class=\"column-4\"><br\/><\/td><td class=\"column-5\"><br\/><\/td><td class=\"column-6\">19\/07\/2001<\/td><td class=\"column-7\">PAPIER<\/td><td class=\"column-8\"><br\/><\/td>\n<\/tr>\n<tr class=\"row-3 odd\">\n\t<td class=\"column-1\">CHALONNES \/ LOIRE<\/td><td class=\"column-2\">CHALONNES \/ LOIRE<\/td><td class=\"column-3\">COURRIER ET DOC LOUIS PLUMEJEAU CASTOR DE CHALONNES SUR LOIRE<\/td><td class=\"column-4\"><br\/><\/td><td class=\"column-5\"><br\/><\/td><td class=\"column-6\">04\/03\/2017<\/td><td class=\"column-7\">PAPIER<\/td><td class=\"column-8\"><br\/><\/td>\n<\/tr>\n<tr class=\"row-4 even\">\n\t<td class=\"column-1\">CRAON<\/td><td class=\"column-2\">CITE DE CHAMPAGNE<\/td><td class=\"column-3\">CHAMPAGNE UNE CITE CONSTRUITE PAR LES CASTORS<\/td><td class=\"column-4\"><br\/><\/td><td class=\"column-5\">OUEST FRANCE<\/td><td class=\"column-6\">11\/10\/2016<\/td><td class=\"column-7\">PAPIER<\/td><td class=\"column-8\"><br\/><\/td>\n<\/tr>\n<tr class=\"row-5 odd\">\n\t<td class=\"column-1\">FRANCE<\/td><td class=\"column-2\">CASTORS DE L OUEST<\/td><td class=\"column-3\">CASTORS DE L OUEST DOSSIER CAPTER SUR INTERNET LE 20\/11\/2004<\/td><td class=\"column-4\"><br\/><\/td><td class=\"column-5\"><br\/><\/td><td class=\"column-6\">2017<\/td><td class=\"column-7\">PAPIER<\/td><td class=\"column-8\"><br\/><\/td>\n<\/tr>\n<tr class=\"row-6 even\">\n\t<td class=\"column-1\">LE LAUNAY - NANTES<\/td><td class=\"column-2\">CASTORS DE L ERDRE<\/td><td class=\"column-3\">HISTORIQUE DU LOTISSEMENT LES CASTORS DE L ERDRE<\/td><td class=\"column-4\">JEAN LENROUE <\/td><td class=\"column-5\"><br\/><\/td><td class=\"column-6\">25\/05\/1989<\/td><td class=\"column-7\">PAPIER<\/td><td class=\"column-8\"><br\/><\/td>\n<\/tr>\n<tr class=\"row-7 odd\">\n\t<td class=\"column-1\">LE LAUNAY - NANTES<\/td><td class=\"column-2\">CASTORS DE L ERDRE<\/td><td class=\"column-3\">LE LIVRE D OR DES CASTORS DE L ERDRE TOME 2<\/td><td class=\"column-4\">LE COMITE DES FETES<\/td><td class=\"column-5\"><br\/><\/td><td class=\"column-6\">8-9\/09\/2001<\/td><td class=\"column-7\">PAPIER<\/td><td class=\"column-8\"><br\/><\/td>\n<\/tr>\n<tr class=\"row-8 even\">\n\t<td class=\"column-1\">LE LAUNAY - NANTES<\/td><td class=\"column-2\">CASTORS DE L ERDRE<\/td><td class=\"column-3\">HISTORIQUE DES CASTORS DE L ERDRE JOURNEES EUROPEENNES PATRIMOINE 2016<\/td><td class=\"column-4\">LE COMITE DES FETES<\/td><td class=\"column-5\"><br\/><\/td><td class=\"column-6\">2016<\/td><td class=\"column-7\">PAPIER<\/td><td class=\"column-8\"><br\/><\/td>\n<\/tr>\n<tr class=\"row-9 odd\">\n\t<td class=\"column-1\">LE LAUNAY - NANTES<\/td><td class=\"column-2\">CASTORS DE L ERDRE<\/td><td class=\"column-3\">HISTORIQUE DES CASTORS DE L ERDRE - 1 LES CASTORS AVANT ET MAINTENANT - 2 LES CASTORS RACONTENT<\/td><td class=\"column-4\">LE COMITE DES FETES<\/td><td class=\"column-5\"><br\/><\/td><td class=\"column-6\">2016<\/td><td class=\"column-7\">COPIE NUMERIQUE<\/td><td class=\"column-8\"><br\/><\/td>\n<\/tr>\n<tr class=\"row-10 even\">\n\t<td class=\"column-1\">LE LAUNAY - NANTES<\/td><td class=\"column-2\">CASTORS DE L ERDRE<\/td><td class=\"column-3\">UNE FORMIDABLE AVENTURE HUMAINE LA CITE DES CASTORS DE L ERDRE DE 1951 A 2011<\/td><td class=\"column-4\">MARIE PIERRE JOALLAND - MOREAU<\/td><td class=\"column-5\"><br\/><\/td><td class=\"column-6\">2011<\/td><td class=\"column-7\">PAPIER<\/td><td class=\"column-8\"><br\/><\/td>\n<\/tr>\n<tr class=\"row-11 odd\">\n\t<td class=\"column-1\">LE LAUNAY - NANTES<\/td><td class=\"column-2\">CASTORS DE L ERDRE<\/td><td class=\"column-3\">JEP 2019 A  LA CITE DES CASTORS DE L ERDRE<\/td><td class=\"column-4\">MARIE PIERRE JOALLAND - MOREAU<\/td><td class=\"column-5\"><br\/><\/td><td class=\"column-6\">21-22\/09\/2019<\/td><td class=\"column-7\">COPIE NUMERIQUE<\/td><td class=\"column-8\"><a href=https:\/\/youtu.be\/MPy7m1Q7EB0>Voir  <\/a><\/td>\n<\/tr>\n<tr class=\"row-12 even\">\n\t<td class=\"column-1\">NANTES<\/td><td class=\"column-2\">CASTORS DE L ERDRE<\/td><td class=\"column-3\">ST JOSEPH DE PORTERIE - IL Y A CINQUANTE ANS LE PREMIER COUP DE PIOCHE DES CASTORS<\/td><td class=\"column-4\"><br\/><\/td><td class=\"column-5\">OUEST-FRANCE<\/td><td class=\"column-6\">10\/09\/2001<\/td><td class=\"column-7\">PAPIER<\/td><td class=\"column-8\"><br\/><\/td>\n<\/tr>\n<tr class=\"row-13 odd\">\n\t<td class=\"column-1\">NANTES<\/td><td class=\"column-2\">CASTORS DE L ERDRE<\/td><td class=\"column-3\">LA GRANDE FAMILLE DES CASTORS DE SAINT-JO FETE LEUR DEMI-SIECLE D EXISTENCE<\/td><td class=\"column-4\"><br\/><\/td><td class=\"column-5\">PRESSE OCEAN<\/td><td class=\"column-6\">10\/09\/2001<\/td><td class=\"column-7\">PAPIER<\/td><td class=\"column-8\"><br\/><\/td>\n<\/tr>\n<tr class=\"row-14 even\">\n\t<td class=\"column-1\">NANTES<\/td><td class=\"column-2\">ST JOSEPH DE PORTERIE<\/td><td class=\"column-3\">TROIS CHAPITRES POUR UN QUARTIER<\/td><td class=\"column-4\"><br\/><\/td><td class=\"column-5\">MAIRIE DE NANTES<\/td><td class=\"column-6\">2000<\/td><td class=\"column-7\">PAPIER<\/td><td class=\"column-8\"><br\/><\/td>\n<\/tr>\n<tr class=\"row-15 odd\">\n\t<td class=\"column-1\">NANTES - REZE<\/td><td class=\"column-2\">LA BALINIERE<\/td><td class=\"column-3\">40E ANNIVERSAIRE DE LA CITE DES CASTORS LA BALINIERE A NANTES<\/td><td class=\"column-4\">ROGER BLANC - CHARLES RICHARD<\/td><td class=\"column-5\"><br\/><\/td><td class=\"column-6\">1990<\/td><td class=\"column-7\">PAPIER<\/td><td class=\"column-8\"><br\/><\/td>\n<\/tr>\n<tr class=\"row-16 even\">\n\t<td class=\"column-1\">REZE<\/td><td class=\"column-2\">CLAIRE CITE<\/td><td class=\"column-3\">UN VILLAGE DANS LA VILLE - CLAIRE CITE<\/td><td class=\"column-4\">CHARLES RICHARD<\/td><td class=\"column-5\"><br\/><\/td><td class=\"column-6\">1996<\/td><td class=\"column-7\">PAPIER<\/td><td class=\"column-8\"><br\/><\/td>\n<\/tr>\n<tr class=\"row-17 odd\">\n\t<td class=\"column-1\">REZE<\/td><td class=\"column-2\">CLAIRE CITE<\/td><td class=\"column-3\">LES CASTORS A REZE<\/td><td class=\"column-4\"><br\/><\/td><td class=\"column-5\"><br\/><\/td><td class=\"column-6\">2011<\/td><td class=\"column-7\">COPIE NUMERIQUE<\/td><td class=\"column-8\"><br\/><\/td>\n<\/tr>\n<tr class=\"row-18 even\">\n\t<td class=\"column-1\">REZE<\/td><td class=\"column-2\">CLAIRE CITE<\/td><td class=\"column-3\">CITE CLAIRE DE REZE - EVALUATION APPORT TRAVAIL<\/td><td class=\"column-4\"><br\/><\/td><td class=\"column-5\">SITE REZE<\/td><td class=\"column-6\">1951<\/td><td class=\"column-7\">PAPIER<\/td><td class=\"column-8\"><br\/><\/td>\n<\/tr>\n<tr class=\"row-19 odd\">\n\t<td class=\"column-1\">REZE LES NANTES<\/td><td class=\"column-2\">LA BALINIERE<\/td><td class=\"column-3\">40E ANNIVERSAIRE DES CASTORS DE CLAIRE-CITE<\/td><td class=\"column-4\">ASS COPROPRIETAIRES CLAIRE-CITE<\/td><td class=\"column-5\"><br\/><\/td><td class=\"column-6\">1990<\/td><td class=\"column-7\">PAPIER<\/td><td class=\"column-8\"><br\/><\/td>\n<\/tr>\n<tr class=\"row-20 even\">\n\t<td class=\"column-1\">SAINT NAZAIRE<\/td><td class=\"column-2\">CASTORS DE L OUEST<\/td><td class=\"column-3\">LES ORIGINES - DEPUIS 1950... UNE HISTOIRE FORMIDABLE - LES CASTORS DE L OUEST<\/td><td class=\"column-4\"><br\/><\/td><td class=\"column-5\"><br\/><\/td><td class=\"column-6\">2010<\/td><td class=\"column-7\">PAPIER<\/td><td class=\"column-8\"><br\/><\/td>\n<\/tr>\n<tr class=\"row-21 odd\">\n\t<td class=\"column-1\">SAINT NAZAIRE<\/td><td class=\"column-2\">CASTORS<\/td><td class=\"column-3\">GUIDE MEMENTO DU CASTOR NAZAIRIEN<\/td><td class=\"column-4\"><br\/><\/td><td class=\"column-5\"><br\/><\/td><td class=\"column-6\">1966<\/td><td class=\"column-7\">PAPIER<\/td><td class=\"column-8\"><br\/><\/td>\n<\/tr>\n<tr class=\"row-22 even\">\n\t<td class=\"column-1\">SAINT SEBASTIEN SUR LOIRE<\/td><td class=\"column-2\">LA PROFONDINE<\/td><td class=\"column-3\">NOVEMBRE 1954 - LA CITE DES CASTORS VOIT LE JOUR A LA PROFONDINE A ST SEBASTIEN SUR LOIRE<\/td><td class=\"column-4\"><br\/><\/td><td class=\"column-5\">JOURNAL MUNICIPAL<\/td><td class=\"column-6\">1954<\/td><td class=\"column-7\">PAPIER<\/td><td class=\"column-8\"><br\/><\/td>\n<\/tr>\n<tr class=\"row-23 odd\">\n\t<td class=\"column-1\">SAINT SEBASTIEN SUR LOIRE<\/td><td class=\"column-2\">LA PROFONDINE<\/td><td class=\"column-3\">LA CITE DES CASTORS VOIT LE JOUR A LA PROFONDINE A ST SEBASTIEN SUR LOIRE<\/td><td class=\"column-4\"><br\/><\/td><td class=\"column-5\">AMIS DE SAINT SEBASTIEN<\/td><td class=\"column-6\">AVRIL 2015<\/td><td class=\"column-7\">PAPIER<\/td><td class=\"column-8\"><br\/><\/td>\n<\/tr>\n<tr class=\"row-24 even\">\n\t<td class=\"column-1\">TRIGNAC<\/td><td class=\"column-2\"><br\/><\/td><td class=\"column-3\">LES CASTORS OU LE SAVOIR-CONSTRUIRE LES 60 ANS DE LA CREATION DES CASTORS DE SAINT-NAZAIRE - DEVENUS LES CASTORS DE L OUEST<\/td><td class=\"column-4\">FRANCK LABARRE<\/td><td class=\"column-5\">PRESSE OCEAN<\/td><td class=\"column-6\">02\/12\/2011<\/td><td class=\"column-7\">PAPIER<\/td><td class=\"column-8\"><br\/><\/td>\n<\/tr>\n<tr class=\"row-25 odd\">\n\t<td class=\"column-1\">TRIGNAC<\/td><td class=\"column-2\"><br\/><\/td><td class=\"column-3\">DOSSIER COMPLET  DES CASTORS DE L OUEST<\/td><td class=\"column-4\"><br\/><\/td><td class=\"column-5\"><br\/><\/td><td class=\"column-6\">03\/11\/2004<\/td><td class=\"column-7\">PAPIER<\/td><td class=\"column-8\"><br\/><\/td>\n<\/tr>\n<\/tbody>\n<\/table>\n<!-- #tablepress-37 from cache -->\n","protected":false},"excerpt":{"rendered":"<p>En s\u00e9lectionnant une r\u00e9gion donn\u00e9e, vous\u00a0 acc\u00e9dez au r\u00e9pertoire des documents et archives dont nous disposons pour cette r\u00e9gion. Vous pouvez visionner le format num\u00e9rique pour quelques unes d&rsquo;entre elles en cliquant sur \u00ab\u00a0voir\u00a0\u00bb en bout de ligne \u00e0 droite. Au fur et \u00e0 mesure de l&rsquo;\u00e9volution du site nous allons num\u00e9riser les documents les [&hellip;]<\/p>\n","protected":false},"author":1,"featured_media":0,"parent":0,"menu_order":0,"comment_status":"closed","ping_status":"closed","template":"","meta":[],"_links":{"self":[{"href":"https:\/\/www.cites-castors.com\/index.php?rest_route=\/wp\/v2\/pages\/1696"}],"collection":[{"href":"https:\/\/www.cites-castors.com\/index.php?rest_route=\/wp\/v2\/pages"}],"about":[{"href":"https:\/\/www.cites-castors.com\/index.php?rest_route=\/wp\/v2\/types\/page"}],"author":[{"embeddable":true,"href":"https:\/\/www.cites-castors.com\/index.php?rest_route=\/wp\/v2\/users\/1"}],"replies":[{"embeddable":true,"href":"https:\/\/www.cites-castors.com\/index.php?rest_route=%2Fwp%2Fv2%2Fcomments&post=1696"}],"version-history":[{"count":3,"href":"https:\/\/www.cites-castors.com\/index.php?rest_route=\/wp\/v2\/pages\/1696\/revisions"}],"predecessor-version":[{"id":2153,"href":"https:\/\/www.cites-castors.com\/index.php?rest_route=\/wp\/v2\/pages\/1696\/revisions\/2153"}],"wp:attachment":[{"href":"https:\/\/www.cites-castors.com\/index.php?rest_route=%2Fwp%2Fv2%2Fmedia&parent=1696"}],"curies":[{"name":"wp","href":"https:\/\/api.w.org\/{rel}","templated":true}]}}