{"id":1698,"date":"2019-10-21T23:14:01","date_gmt":"2019-10-21T21:14:01","guid":{"rendered":"http:\/\/www.cites-castors.com\/?page_id=1698"},"modified":"2019-10-29T20:45:18","modified_gmt":"2019-10-29T19:45:18","slug":"archives-provence-alpes-cote-dazur","status":"publish","type":"page","link":"https:\/\/www.cites-castors.com\/?page_id=1698","title":{"rendered":"Archives Provence-Alpes-C\u00f4te d&rsquo;Azur"},"content":{"rendered":"<p><strong><span style=\"color: #993300;\">En s\u00e9lectionnant une r\u00e9gion donn\u00e9e, vous\u00a0 acc\u00e9dez au r\u00e9pertoire des documents et archives dont nous disposons pour cette r\u00e9gion.<\/span><\/strong><br \/>\n<strong><span style=\"color: #993300;\">Vous pouvez visionner le format num\u00e9rique pour quelques unes d&rsquo;entre elles en cliquant sur \u00ab\u00a0voir\u00a0\u00bb en bout de ligne \u00e0 droite.<br \/>\n<\/span><\/strong><strong><span style=\"color: #993300;\">Au fur et \u00e0 mesure de l&rsquo;\u00e9volution du site nous allons num\u00e9riser les documents les plus int\u00e9ressants pour qu&rsquo;ils puissent \u00eatre consult\u00e9s en ligne.<br \/>\nVous pouvez nous contacter pour un rendez-vous afin de consulter ces archives, ou si vous \u00eates int\u00e9ress\u00e9 par des copies de certaines d&rsquo;entre elles (dans la mesure du possible).<br \/>\nSi vous \u00eates en possession d&rsquo;archives Castors que vous voulez porter \u00e0 la connaissance du public, vous pouvez nous en envoyer une copie num\u00e9rique ou, au moins, leurs caract\u00e9ristiques en respectant les crit\u00e8res de ce r\u00e9pertoire.<\/span><\/strong><\/p>\n\n<table id=\"tablepress-25\" class=\"tablepress tablepress-id-25\">\n<thead>\n<tr class=\"row-1 odd\">\n\t<th class=\"column-1\">Localite<\/th><th class=\"column-2\">Cite<\/th><th class=\"column-3\">Theme  Titre du document<\/th><th class=\"column-4\">Auteur<\/th><th class=\"column-5\">Editeur<\/th><th class=\"column-6\">Date du doc<\/th><th class=\"column-7\">Support<\/th><th class=\"column-8\">Lien<\/th>\n<\/tr>\n<\/thead>\n<tbody class=\"row-hover\">\n<tr class=\"row-2 even\">\n\t<td class=\"column-1\">MARSEILLE<\/td><td class=\"column-2\">CASTORS DES VIEUX CYPRES<\/td><td class=\"column-3\">DOSSIER SUR LA CITE DES VIEUX CYPRES DE MARSEILLE<\/td><td class=\"column-4\">GEORGES HERIAKIAN<\/td><td class=\"column-5\"><br\/><\/td><td class=\"column-6\">2013<\/td><td class=\"column-7\">PAPIER<\/td><td class=\"column-8\"><br\/><\/td>\n<\/tr>\n<tr class=\"row-3 odd\">\n\t<td class=\"column-1\">MARSEILLE<\/td><td class=\"column-2\">CASTORS<\/td><td class=\"column-3\">CHATEAU DE SERVIERE - BASTIDE DES CASTORS - MARSEILLE<\/td><td class=\"column-4\"><br\/><\/td><td class=\"column-5\"><br\/><\/td><td class=\"column-6\">2013<\/td><td class=\"column-7\">PAPIER<\/td><td class=\"column-8\"><br\/><\/td>\n<\/tr>\n<tr class=\"row-4 even\">\n\t<td class=\"column-1\">MARSEILLE<\/td><td class=\"column-2\">CASTORS DES AYGALADES<\/td><td class=\"column-3\">LES CASTORS DES AYGALADES - MARSEILLE<\/td><td class=\"column-4\">JO CHABERT DIT  CHA CHA <\/td><td class=\"column-5\">ADOBE EDITION<\/td><td class=\"column-6\">2008<\/td><td class=\"column-7\">COPIE NUMERIQUE<\/td><td class=\"column-8\"><br\/><\/td>\n<\/tr>\n<tr class=\"row-5 odd\">\n\t<td class=\"column-1\">MARSEILLE 14E<\/td><td class=\"column-2\">CASTORS DE SERVIERES AUX AYGALADES<\/td><td class=\"column-3\">LES CASTORS DE SERVIERES AUX  AYGALADES - MARSEILLE 14E<\/td><td class=\"column-4\">BENOIT GILLES<\/td><td class=\"column-5\">MARSACTU<\/td><td class=\"column-6\">16\/02\/2017<\/td><td class=\"column-7\">PAPIER<\/td><td class=\"column-8\"><br\/><\/td>\n<\/tr>\n<\/tbody>\n<\/table>\n<!-- #tablepress-25 from cache -->\n","protected":false},"excerpt":{"rendered":"<p>En s\u00e9lectionnant une r\u00e9gion donn\u00e9e, vous\u00a0 acc\u00e9dez au r\u00e9pertoire des documents et archives dont nous disposons pour cette r\u00e9gion. Vous pouvez visionner le format num\u00e9rique pour quelques unes d&rsquo;entre elles en cliquant sur \u00ab\u00a0voir\u00a0\u00bb en bout de ligne \u00e0 droite. Au fur et \u00e0 mesure de l&rsquo;\u00e9volution du site nous allons num\u00e9riser les documents les [&hellip;]<\/p>\n","protected":false},"author":1,"featured_media":0,"parent":0,"menu_order":0,"comment_status":"closed","ping_status":"closed","template":"","meta":[],"_links":{"self":[{"href":"https:\/\/www.cites-castors.com\/index.php?rest_route=\/wp\/v2\/pages\/1698"}],"collection":[{"href":"https:\/\/www.cites-castors.com\/index.php?rest_route=\/wp\/v2\/pages"}],"about":[{"href":"https:\/\/www.cites-castors.com\/index.php?rest_route=\/wp\/v2\/types\/page"}],"author":[{"embeddable":true,"href":"https:\/\/www.cites-castors.com\/index.php?rest_route=\/wp\/v2\/users\/1"}],"replies":[{"embeddable":true,"href":"https:\/\/www.cites-castors.com\/index.php?rest_route=%2Fwp%2Fv2%2Fcomments&post=1698"}],"version-history":[{"count":3,"href":"https:\/\/www.cites-castors.com\/index.php?rest_route=\/wp\/v2\/pages\/1698\/revisions"}],"predecessor-version":[{"id":2071,"href":"https:\/\/www.cites-castors.com\/index.php?rest_route=\/wp\/v2\/pages\/1698\/revisions\/2071"}],"wp:attachment":[{"href":"https:\/\/www.cites-castors.com\/index.php?rest_route=%2Fwp%2Fv2%2Fmedia&parent=1698"}],"curies":[{"name":"wp","href":"https:\/\/api.w.org\/{rel}","templated":true}]}}