{"id":1829,"date":"2019-10-24T11:21:04","date_gmt":"2019-10-24T09:21:04","guid":{"rendered":"http:\/\/www.cites-castors.com\/?post_type=product&#038;p=1829"},"modified":"2019-10-26T08:28:15","modified_gmt":"2019-10-26T06:28:15","slug":"faire-un-don","status":"publish","type":"product","link":"https:\/\/www.cites-castors.com\/?product=faire-un-don","title":{"rendered":"Faire un don"},"content":{"rendered":"","protected":false},"excerpt":{"rendered":"<p>Vous pouvez vous associer \u00e0 notre travail de m\u00e9moire en apportant une contribution financi\u00e8re, quelque soit le montant de votre don (5,10,15,20 ou\u00a0 50\u20ac) il sera le bienvenu et nous vous en serons reconnaissants.<img loading=\"lazy\" class=\"alignnone size-medium wp-image-1807\" src=\"http:\/\/www.cites-castors.com\/wp-content\/uploads\/2019\/10\/LOGO-ACCP-2-300x230.png\" alt=\"\" width=\"300\" height=\"230\" srcset=\"https:\/\/www.cites-castors.com\/wp-content\/uploads\/2019\/10\/LOGO-ACCP-2-300x230.png 300w, https:\/\/www.cites-castors.com\/wp-content\/uploads\/2019\/10\/LOGO-ACCP-2-1x1.png 1w, https:\/\/www.cites-castors.com\/wp-content\/uploads\/2019\/10\/LOGO-ACCP-2.png 596w\" sizes=\"(max-width: 300px) 100vw, 300px\" \/><\/p>\n","protected":false},"featured_media":1807,"template":"","meta":[],"product_cat":[29],"product_tag":[],"_links":{"self":[{"href":"https:\/\/www.cites-castors.com\/index.php?rest_route=\/wp\/v2\/product\/1829"}],"collection":[{"href":"https:\/\/www.cites-castors.com\/index.php?rest_route=\/wp\/v2\/product"}],"about":[{"href":"https:\/\/www.cites-castors.com\/index.php?rest_route=\/wp\/v2\/types\/product"}],"wp:featuredmedia":[{"embeddable":true,"href":"https:\/\/www.cites-castors.com\/index.php?rest_route=\/wp\/v2\/media\/1807"}],"wp:attachment":[{"href":"https:\/\/www.cites-castors.com\/index.php?rest_route=%2Fwp%2Fv2%2Fmedia&parent=1829"}],"wp:term":[{"taxonomy":"product_cat","embeddable":true,"href":"https:\/\/www.cites-castors.com\/index.php?rest_route=%2Fwp%2Fv2%2Fproduct_cat&post=1829"},{"taxonomy":"product_tag","embeddable":true,"href":"https:\/\/www.cites-castors.com\/index.php?rest_route=%2Fwp%2Fv2%2Fproduct_tag&post=1829"}],"curies":[{"name":"wp","href":"https:\/\/api.w.org\/{rel}","templated":true}]}}