{"id":1913,"date":"2019-10-26T10:42:39","date_gmt":"2019-10-26T08:42:39","guid":{"rendered":"http:\/\/www.cites-castors.com\/?post_type=product&#038;p=1913"},"modified":"2025-08-05T16:46:41","modified_gmt":"2025-08-05T14:46:41","slug":"letonnante-aventure-des-castors-maurice-vilandrau","status":"publish","type":"product","link":"https:\/\/www.cites-castors.com\/?product=letonnante-aventure-des-castors-maurice-vilandrau","title":{"rendered":"L&rsquo;\u00e9tonnante aventure des Castors &#8211; Maurice Vilandrau"},"content":{"rendered":"","protected":false},"excerpt":{"rendered":"<h4>L&rsquo;autoconstruction dans les ann\u00e9es 50<\/h4>\n<p style=\"text-align: justify;\">Cet ouvrage \u00e9crit par l&rsquo;un des pionniers Castors explique, \u00e0 partir de sa propre exp\u00e9rience, comment de simples ouvriers, \u00e9trangers aux professions du b\u00e2timent, ont r\u00e9ussi \u00e0 construire leurs maisons. Il met l&rsquo;accent sur les r\u00e9percussions humaines et citoyennes de cette aventure.<br \/>\nLes pionniers \u00e9taient pour la plupart, dans les ann\u00e9es 50, des militants de la mouvance \u00ab\u00a0action catholique\u00a0\u00bb. Un r\u00e9el d\u00e9bat id\u00e9ologique a surgi au-del\u00e0 e la n\u00e9cessaire r\u00e9ponse au besoin de logements.<br \/>\n&#8211; Les Castors trahissaient-ils la lutte prol\u00e9tarienne en offrant aux gens la possibilit\u00e9 de devenir propri\u00e9taires ?<br \/>\n&#8211; ou bien \u00e9taient-ils les h\u00e9ritiers du socialisme utopique de la fin du XIX\u00e8me si\u00e8cle\u00a0 ?- Ou bien encore, et sans doute, rendaient-ils service aux dirigeants politiques de l&rsquo;\u00e9poque ?<br \/>\nCe livre tente de combler une lacune en mati\u00e8re d&rsquo;histoire contemporaine, celle qui concerne assur\u00e9ment le mouvement ouvrier de l&rsquo;apr\u00e8s-guerre.<\/p>\n<h4><img loading=\"lazy\" class=\"size-full wp-image-1923 alignleft\" src=\"http:\/\/www.cites-castors.com\/wp-content\/uploads\/2019\/10\/Maurice-Vilandrau.jpg\" alt=\"\" width=\"94\" height=\"138\" srcset=\"https:\/\/www.cites-castors.com\/wp-content\/uploads\/2019\/10\/Maurice-Vilandrau.jpg 94w, https:\/\/www.cites-castors.com\/wp-content\/uploads\/2019\/10\/Maurice-Vilandrau-1x1.jpg 1w\" sizes=\"(max-width: 94px) 100vw, 94px\" \/>Maurice Vilandrau<\/h4>\n<p style=\"text-align: justify;\">Est un pionnier d&rsquo;un des deux groupes d&rsquo;Ablon-sur-Seine, petite commune de la banlieue parisienne.<br \/>\nSon parcours, fortement marqu\u00e9 par son action dans le mouvement ouvrier, n&rsquo;est pas \u00e9tranger \u00e0 son engagement dans cette aventure.<\/p>\n<p>&nbsp;<\/p>\n","protected":false},"featured_media":1981,"template":"","meta":[],"product_cat":[26],"product_tag":[],"_links":{"self":[{"href":"https:\/\/www.cites-castors.com\/index.php?rest_route=\/wp\/v2\/product\/1913"}],"collection":[{"href":"https:\/\/www.cites-castors.com\/index.php?rest_route=\/wp\/v2\/product"}],"about":[{"href":"https:\/\/www.cites-castors.com\/index.php?rest_route=\/wp\/v2\/types\/product"}],"wp:featuredmedia":[{"embeddable":true,"href":"https:\/\/www.cites-castors.com\/index.php?rest_route=\/wp\/v2\/media\/1981"}],"wp:attachment":[{"href":"https:\/\/www.cites-castors.com\/index.php?rest_route=%2Fwp%2Fv2%2Fmedia&parent=1913"}],"wp:term":[{"taxonomy":"product_cat","embeddable":true,"href":"https:\/\/www.cites-castors.com\/index.php?rest_route=%2Fwp%2Fv2%2Fproduct_cat&post=1913"},{"taxonomy":"product_tag","embeddable":true,"href":"https:\/\/www.cites-castors.com\/index.php?rest_route=%2Fwp%2Fv2%2Fproduct_tag&post=1913"}],"curies":[{"name":"wp","href":"https:\/\/api.w.org\/{rel}","templated":true}]}}