{"id":1958,"date":"2019-10-27T23:40:58","date_gmt":"2019-10-27T22:40:58","guid":{"rendered":"https:\/\/www.cites-castors.com\/?post_type=product&#038;p=1958"},"modified":"2025-08-05T16:44:12","modified_gmt":"2025-08-05T14:44:12","slug":"les-castors-de-lalouette-daniel-bancon","status":"publish","type":"product","link":"https:\/\/www.cites-castors.com\/?product=les-castors-de-lalouette-daniel-bancon","title":{"rendered":"Les Castors de l&rsquo;Alouette &#8211; Daniel Bancon"},"content":{"rendered":"","protected":false},"excerpt":{"rendered":"<p style=\"text-align: justify;\">En 1948, au lendemain de la guerre, alors que s\u00e9vit une grave crise du logement, 150 jeunes gens, entra\u00een\u00e9s par Etienne Damoran, jeune pr\u00eatre-ouvrier bordelais, se lancent dans une folle aventure : construire de leurs propres mains une \u00ab\u00a0Cit\u00e9-mod\u00e8le\u00a0\u00bb, voire une soci\u00e9t\u00e9 id\u00e9ale&#8230;<br \/>\nLa Cit\u00e9 des Castors voit le jour \u00e0 Pessac, dans la banlieue de Bordeaux, apr\u00e8s bien des difficult\u00e9s de tous ordres et trois ans de travaux.<br \/>\nC&rsquo;est non seulement 150 habitations pourvues de tout le confort pour l&rsquo;\u00e9poque, mais \u00e9galement une communaut\u00e9 de vie : autogestion dans l&rsquo;approvisionnement de l&rsquo;eau, pour le tout-\u00e0-l&rsquo;\u00e9gout ; la mise en place d&rsquo;une coop\u00e9rative alimentaire, de services collectifs : machine \u00e0 laver \u00ab\u00a0itin\u00e9rante\u00a0\u00bb, biblioth\u00e8que, cin\u00e9-club ; et cr\u00e9ation d&rsquo;activit\u00e9s de loisirs : orchestre de jazz, troupe de spectacle \u00ab\u00a0les Vari\u00e9t\u00e9s-Castors\u00a0\u00bb, etc&#8230;<br \/>\n\u00ab\u00a0Les Castors de l&rsquo;Alouette\u00a0\u00bb est le r\u00e9cit\u00a0 de cette extraordinaire aventure humaine.<\/p>\n<p style=\"text-align: justify;\"><img loading=\"lazy\" class=\"size-full wp-image-1931 alignleft\" src=\"http:\/\/www.cites-castors.com\/wp-content\/uploads\/2019\/10\/DANIEL-BANCON-1950.jpg\" alt=\"\" width=\"94\" height=\"164\" srcset=\"https:\/\/www.cites-castors.com\/wp-content\/uploads\/2019\/10\/DANIEL-BANCON-1950.jpg 94w, https:\/\/www.cites-castors.com\/wp-content\/uploads\/2019\/10\/DANIEL-BANCON-1950-1x2.jpg 1w\" sizes=\"(max-width: 94px) 100vw, 94px\" \/><\/p>\n<h4 style=\"text-align: justify;\">Daniel Bancon<\/h4>\n<p style=\"text-align: justify;\">Pur produit de l\u2019\u00e9cole la\u00efque, fut d\u2019abord apprenti tourneur puis r\u00e9quisitionn\u00e9 pour le STO pendant la 2\u00e8me guerre mondiale. Permanent syndical, il a enseign\u00e9 son m\u00e9tier dans un coll\u00e8ge technique.<br \/>\nL\u2019aventure des Castors le convertit au b\u00e2timent o\u00f9 il acheva sa carri\u00e8re en 1981 comme ing\u00e9nieur en g\u00e9nie civil Comme beaucoup de Castors, apr\u00e8s avoir \u00e9t\u00e9 log\u00e9s, Daniel Bancon s\u2019est engag\u00e9 dans de nombreuses activit\u00e9s sociales, politiques, syndicales\u2026<br \/>\nIl fait partie de la premi\u00e8re \u00e9quipe des Castors. Il en a v\u00e9cu toute l&rsquo;aventure de l&rsquo;int\u00e9rieur et sur le terrain. Il parle ici plus en t\u00e9moin qu&rsquo;en historien.<\/p>\n<p style=\"text-align: justify;\">Avec ce roman \u00ab\u00a0\u00e0 clefs\u00a0\u00bb, il met en sc\u00e8ne l\u2019\u00e9volution des moeurs politiques et sociales dans une petite ville de la banlieue des ann\u00e9es 50.<\/p>\n","protected":false},"featured_media":6297,"template":"","meta":[],"product_cat":[26],"product_tag":[],"_links":{"self":[{"href":"https:\/\/www.cites-castors.com\/index.php?rest_route=\/wp\/v2\/product\/1958"}],"collection":[{"href":"https:\/\/www.cites-castors.com\/index.php?rest_route=\/wp\/v2\/product"}],"about":[{"href":"https:\/\/www.cites-castors.com\/index.php?rest_route=\/wp\/v2\/types\/product"}],"wp:featuredmedia":[{"embeddable":true,"href":"https:\/\/www.cites-castors.com\/index.php?rest_route=\/wp\/v2\/media\/6297"}],"wp:attachment":[{"href":"https:\/\/www.cites-castors.com\/index.php?rest_route=%2Fwp%2Fv2%2Fmedia&parent=1958"}],"wp:term":[{"taxonomy":"product_cat","embeddable":true,"href":"https:\/\/www.cites-castors.com\/index.php?rest_route=%2Fwp%2Fv2%2Fproduct_cat&post=1958"},{"taxonomy":"product_tag","embeddable":true,"href":"https:\/\/www.cites-castors.com\/index.php?rest_route=%2Fwp%2Fv2%2Fproduct_tag&post=1958"}],"curies":[{"name":"wp","href":"https:\/\/api.w.org\/{rel}","templated":true}]}}