{"id":1959,"date":"2019-10-27T23:52:44","date_gmt":"2019-10-27T22:52:44","guid":{"rendered":"https:\/\/www.cites-castors.com\/?post_type=product&#038;p=1959"},"modified":"2023-01-22T12:57:55","modified_gmt":"2023-01-22T11:57:55","slug":"memoires-de-castors-jean-paul-lascar","status":"publish","type":"product","link":"https:\/\/www.cites-castors.com\/?product=memoires-de-castors-jean-paul-lascar","title":{"rendered":"M\u00e9moires de Castors &#8211; Jean-Paul Lascar &#038; Christophe Garbage"},"content":{"rendered":"","protected":false},"excerpt":{"rendered":"<p style=\"text-align: justify;\">Les 19, 20 et 21 mai 2018, l&rsquo;Association Culturelle des Castors de Pessac a d\u00e9cid\u00e9 d&rsquo;organiser, dans le cadre du 70\u00e8me anniversaire de la construction de la premi\u00e8re Cit\u00e9 Castor \u00e0 Pessac, la \u00ab\u00a0Premi\u00e8re Rencontre Nationale des Cit\u00e9s Castors de France.<\/p>\n<p style=\"text-align: justify;\">\u00ab\u00a0M\u00e9moires de Castors\u00a0\u00bb est le r\u00e9cit de ces trois jours de rencontres,\u00a0 de d\u00e9bats, de conf\u00e9rences, de projections de films&#8230; Ce film a \u00e9t\u00e9 r\u00e9alis\u00e9 \u00e0 la demande de l&rsquo;association par Jean-Paul Lascar et Christophe Garbage de P\u00e9riph\u00e9ries Productions.<br \/>\nCes derniers sont des partenaires de longue date des Castors puisqu&rsquo;ils \u00e9voquent la Cit\u00e9 Castor de Pessac dans \u00ab\u00a0De M\u00e9moire de Cit\u00e9s\u00a0\u00bb r\u00e9alis\u00e9e en 1998 pour le Festival International du Film d&rsquo;Histoire de Pessac, et en 2002 dans \u00ab\u00a0Paroles de Castors\u00a0\u00bb \u00e0 la demande de l&rsquo;Association Syndicale de la Cit\u00e9 des Castors de Pessac.<\/p>\n","protected":false},"featured_media":1961,"template":"","meta":[],"product_cat":[27],"product_tag":[],"_links":{"self":[{"href":"https:\/\/www.cites-castors.com\/index.php?rest_route=\/wp\/v2\/product\/1959"}],"collection":[{"href":"https:\/\/www.cites-castors.com\/index.php?rest_route=\/wp\/v2\/product"}],"about":[{"href":"https:\/\/www.cites-castors.com\/index.php?rest_route=\/wp\/v2\/types\/product"}],"wp:featuredmedia":[{"embeddable":true,"href":"https:\/\/www.cites-castors.com\/index.php?rest_route=\/wp\/v2\/media\/1961"}],"wp:attachment":[{"href":"https:\/\/www.cites-castors.com\/index.php?rest_route=%2Fwp%2Fv2%2Fmedia&parent=1959"}],"wp:term":[{"taxonomy":"product_cat","embeddable":true,"href":"https:\/\/www.cites-castors.com\/index.php?rest_route=%2Fwp%2Fv2%2Fproduct_cat&post=1959"},{"taxonomy":"product_tag","embeddable":true,"href":"https:\/\/www.cites-castors.com\/index.php?rest_route=%2Fwp%2Fv2%2Fproduct_tag&post=1959"}],"curies":[{"name":"wp","href":"https:\/\/api.w.org\/{rel}","templated":true}]}}