{"id":1964,"date":"2019-10-28T01:08:00","date_gmt":"2019-10-28T00:08:00","guid":{"rendered":"https:\/\/www.cites-castors.com\/?post_type=product&#038;p=1964"},"modified":"2021-11-03T15:18:43","modified_gmt":"2021-11-03T14:18:43","slug":"pays-castor-samanta-yepez","status":"publish","type":"product","link":"https:\/\/www.cites-castors.com\/?product=pays-castor-samanta-yepez","title":{"rendered":"Pays Castor &#8211; Samanta Y\u00e9pez"},"content":{"rendered":"","protected":false},"excerpt":{"rendered":"<p style=\"text-align: justify;\">Dans la p\u00e9nurie d&rsquo;apr\u00e8s-guerre, des jeunes gens s&rsquo;organisent dans toute la France pour construire eux-m\u00eame leurs maisons. Ils se nomment les Castors<br \/>\nEn coop\u00e9rative, ils se regroupent et rendent possible un r\u00eave.<br \/>\nUn journal \u00e9crit par les pionniers et un film tourn\u00e9 par un de ces hommes : Jean Odet, \u00e9lectricien. C&rsquo;est ce qui reste.<br \/>\n\u00ab\u00a0Avec ces textes et des photogrammes dans mon sac, je pars \u00e0 la rencontre de ces hommes et de ces femmes.<br \/>\nJ&rsquo;arpente leurs Cit\u00e9s et contemple le pays qu&rsquo;ils ont b\u00e2ti\u00a0\u00bb.<\/p>\n<p>&nbsp;<\/p>\n<h4 style=\"text-align: justify;\"><img loading=\"lazy\" class=\"size-full wp-image-1977 alignleft\" src=\"https:\/\/www.cites-castors.com\/wp-content\/uploads\/2019\/10\/Samanta-Y\u00e9pez.jpg\" alt=\"\" width=\"94\" height=\"129\" \/>Samanta Y\u00e9pez<\/h4>\n<p style=\"text-align: justify;\">Est \u00e9quatorienne, install\u00e9e en Gironde elle \u00e9tudie le cin\u00e9ma, la production et la civilisation latino-am\u00e9ricaine \u00e0 Bordeaux.<br \/>\nPar ses pr\u00e9c\u00e9dents documentaires sur l&rsquo;exil, l&rsquo;\u00e9migration, les paysans d&rsquo;Am\u00e9rique Latine&#8230; (dont \u00ab\u00a0Au del\u00e0 des collines\u00a0\u00bb) elle a d\u00e9j\u00e0 prouv\u00e9 son int\u00e9r\u00eat pour une vision sociale des groupes d&rsquo;hommes et de femmes \u00e0 la rencontre desquels elle va.<br \/>\nL&rsquo;histoire des Castors l&rsquo;attire et finalement la s\u00e9duit. Avec Christophe Kend\u00e9rian ils partent \u00e0 la d\u00e9couverte de quelques unes des 600 Cit\u00e9s Castors de l&rsquo;hexagone : Saint-Pol-de-L\u00e9on, en Bretagne, Rez\u00e9 \u00e0 Nantes, Ablon sur Seine, Saint-Jean pr\u00e8s de Toulouse&#8230; et bien s\u00fbr Pessac.<\/p>\n<p>&nbsp;<\/p>\n","protected":false},"featured_media":1965,"template":"","meta":[],"product_cat":[27],"product_tag":[],"_links":{"self":[{"href":"https:\/\/www.cites-castors.com\/index.php?rest_route=\/wp\/v2\/product\/1964"}],"collection":[{"href":"https:\/\/www.cites-castors.com\/index.php?rest_route=\/wp\/v2\/product"}],"about":[{"href":"https:\/\/www.cites-castors.com\/index.php?rest_route=\/wp\/v2\/types\/product"}],"wp:featuredmedia":[{"embeddable":true,"href":"https:\/\/www.cites-castors.com\/index.php?rest_route=\/wp\/v2\/media\/1965"}],"wp:attachment":[{"href":"https:\/\/www.cites-castors.com\/index.php?rest_route=%2Fwp%2Fv2%2Fmedia&parent=1964"}],"wp:term":[{"taxonomy":"product_cat","embeddable":true,"href":"https:\/\/www.cites-castors.com\/index.php?rest_route=%2Fwp%2Fv2%2Fproduct_cat&post=1964"},{"taxonomy":"product_tag","embeddable":true,"href":"https:\/\/www.cites-castors.com\/index.php?rest_route=%2Fwp%2Fv2%2Fproduct_tag&post=1964"}],"curies":[{"name":"wp","href":"https:\/\/api.w.org\/{rel}","templated":true}]}}