{"id":1968,"date":"2019-10-28T01:17:39","date_gmt":"2019-10-28T00:17:39","guid":{"rendered":"https:\/\/www.cites-castors.com\/?post_type=product&#038;p=1968"},"modified":"2019-10-28T07:12:45","modified_gmt":"2019-10-28T06:12:45","slug":"construire-sa-maison-en-commun-yohann-guiavarch","status":"publish","type":"product","link":"https:\/\/www.cites-castors.com\/?product=construire-sa-maison-en-commun-yohann-guiavarch","title":{"rendered":"Construire sa Maison en Commun &#8211; Yohann Guiavarc&rsquo;h"},"content":{"rendered":"","protected":false},"excerpt":{"rendered":"<p><strong>\u00ab\u00a0Dans la soci\u00e9t\u00e9 actuelle, nous sommes individuellement des faibles et des exploit\u00e9s&#8230;<\/strong><br \/>\n<strong>Mais un fort ne peut rien contre les faibles qui s&rsquo;unissent&#8230;<\/strong><br \/>\n<strong>Nous ne b\u00e2tirons pas chacun notre maison, mais nous b\u00e2tirons ensemble notre Cit\u00e9&#8230;\u00a0\u00bb<\/strong><\/p>\n<p><em>(extrait du r\u00e8glement int\u00e9rieur des Castors).<\/em><\/p>\n<p style=\"text-align: justify;\">Dans l&rsquo;apr\u00e8s-guerre, les chantiers de construction sont en plein boom. Ils ne suffisent pas cependant \u00e0 r\u00e9gler le probl\u00e8me du logement et \u00e0 permettre \u00e0 chacun d&rsquo;acc\u00e9der au r\u00eave d&rsquo;une maison individuelle. C&rsquo;est dans ce contexte que va na\u00eetre l&rsquo;aventure des Castors. Les ouvriers Castors sont des travailleurs, chefs de famille qui, en proie \u00e0 de grandes difficult\u00e9s pour se loger, se sont regroup\u00e9s pour construire leur propre habitation.<br \/>\nUne l\u00e9gende dor\u00e9e pr\u00e9sente alors le Castor comme un h\u00e9ros des temps modernes. A Plabennec, Saint-Pol-de-L\u00e9on, Landerneau, Brest, Quimper&#8230; une part non n\u00e9gligeable de la population a choisi la formule Castor pour se loger. L&rsquo;ouvrier quitte son taudis pour s&rsquo;installer dans une maison qui par bien des aspects n&rsquo;a rien \u00e0 envier \u00e0 celle de son patron. C&rsquo;est sans conteste un acte d&rsquo;\u00e9mancipation et d&rsquo;ascension sociale.<br \/>\nLes ouvriers montrent leurs capacit\u00e9s \u00e0 s&rsquo;auto-g\u00e9rer et la force de la solidarit\u00e9 du pauvre.<br \/>\nLe Finist\u00e8re a \u00e9t\u00e9 particuli\u00e8rement concern\u00e9 par l&rsquo;initiative Castor. Yohann Guiavarc&rsquo;h nous pr\u00e9sente une\u00a0 analyse fine de ce mouvement social qui, \u00e0 bien des \u00e9gards, reste exceptionnel et novateur. C&rsquo;est l&rsquo;histoire d&rsquo;une aventure collective fructueuse.<br \/>\nUne aventure humaine exceptionnelle !<\/p>\n<h4><img loading=\"lazy\" class=\"size-full wp-image-1975 alignleft\" src=\"https:\/\/www.cites-castors.com\/wp-content\/uploads\/2019\/10\/YOHANN-GUIAVARCH.jpg\" alt=\"\" width=\"94\" height=\"165\" \/><br \/>\nYohann Guiavarc&rsquo;h<\/h4>\n<p style=\"text-align: justify;\">Petit-fils de Castors de Lesneven, Yohann Guiavarc&rsquo;h est enseignant, historien et conf\u00e9rencier. Il a \u00e9tudi\u00e9 le d\u00e9veloppement du mouvement Castors en Bretagne et tout particuli\u00e8rement dans le Finist\u00e8re. Dans ce livre \u00ab\u00a0Construire sa Maison en Commun\u00a0\u00bb il nous livre le r\u00e9sultat de ses recherches.<br \/>\nIl participe \u00e9galement au recensement des Cit\u00e9s Castors en France.<\/p>\n","protected":false},"featured_media":1969,"template":"","meta":[],"product_cat":[26],"product_tag":[],"_links":{"self":[{"href":"https:\/\/www.cites-castors.com\/index.php?rest_route=\/wp\/v2\/product\/1968"}],"collection":[{"href":"https:\/\/www.cites-castors.com\/index.php?rest_route=\/wp\/v2\/product"}],"about":[{"href":"https:\/\/www.cites-castors.com\/index.php?rest_route=\/wp\/v2\/types\/product"}],"wp:featuredmedia":[{"embeddable":true,"href":"https:\/\/www.cites-castors.com\/index.php?rest_route=\/wp\/v2\/media\/1969"}],"wp:attachment":[{"href":"https:\/\/www.cites-castors.com\/index.php?rest_route=%2Fwp%2Fv2%2Fmedia&parent=1968"}],"wp:term":[{"taxonomy":"product_cat","embeddable":true,"href":"https:\/\/www.cites-castors.com\/index.php?rest_route=%2Fwp%2Fv2%2Fproduct_cat&post=1968"},{"taxonomy":"product_tag","embeddable":true,"href":"https:\/\/www.cites-castors.com\/index.php?rest_route=%2Fwp%2Fv2%2Fproduct_tag&post=1968"}],"curies":[{"name":"wp","href":"https:\/\/api.w.org\/{rel}","templated":true}]}}