{"id":1982,"date":"2019-10-28T08:32:48","date_gmt":"2019-10-28T07:32:48","guid":{"rendered":"https:\/\/www.cites-castors.com\/?post_type=product&#038;p=1982"},"modified":"2025-08-05T15:40:38","modified_gmt":"2025-08-05T13:40:38","slug":"lesprit-castor-michel-messu","status":"publish","type":"product","link":"https:\/\/www.cites-castors.com\/?product=lesprit-castor-michel-messu","title":{"rendered":"L&rsquo;Esprit Castor &#8211; Michel Messu"},"content":{"rendered":"","protected":false},"excerpt":{"rendered":"<h4>Sociologie d&rsquo;un groupe d&rsquo;auto-constructeurs &#8211; l&rsquo;Exemple de la Cit\u00e9 de Paimpol<\/h4>\n<p style=\"text-align: justify;\">Les \u00ab\u00a0Castors\u00a0\u00bb : un mouvement social d&rsquo;autoconstruction de sa maison dans l&rsquo;imm\u00e9diat apr\u00e8s-guerre 39-45. Un mouvement m\u00e9connu et pourtant symbole d&rsquo;une \u00e9poque, d&rsquo;un contexte social et politique, de valeurs et de pratique de solidarit\u00e9. Un mouvement social \u00e9clat\u00e9 en de multiples \u00ab\u00a0op\u00e9rations\u00a0\u00bb.<br \/>\nL&rsquo;ouvrage pr\u00e9sente l&rsquo;op\u00e9ration de construction des Castors de Paimpol. A partir des archives conserv\u00e9es par des familles de la Cit\u00e9 des Castors de Paimpol et d&rsquo;une enqu\u00eate men\u00e9e aupr\u00e8s de certains des survivants des auto-constructeurs de la Cit\u00e9, l&rsquo;auteur relate les conditions dans lesquelles a \u00e9t\u00e9 r\u00e9alis\u00e9e l&rsquo;op\u00e9ration d&rsquo;autoconstruction. Il apporte une analyse du contexte local et national dans lequel avait pris place cette op\u00e9ration. Il propose aussi une r\u00e9flexion sociologique sur la pratique des \u00ab\u00a0solidarit\u00e9s sociales\u00a0\u00bb en milieu populaire, aussi bien au cours de la p\u00e9riode de r\u00e9alisation des maisons que pour les g\u00e9n\u00e9rations qui vont suivre dans la Cit\u00e9.<br \/>\nL&rsquo;int\u00e9r\u00eat de l&rsquo;\u00e9tude de Michel Messu est de contribuer \u00e0 la connaissance d&rsquo;un mouvement social qui comporte des caract\u00e9ristiques profond\u00e9ment originales (auto r\u00e9gulation des rapports sociaux, auto discipline, distribution des positions de connaissance technique, administrative, etc&#8230;). Son int\u00e9r\u00eat r\u00e9side aussi dans la pr\u00e9sentation d&rsquo;une r\u00e9flexion th\u00e9orique originale sur la notion de \u00ab\u00a0solidarit\u00e9\u00a0\u00bb, notion largement utilis\u00e9e dans les sciences sociales, la sociologie en particulier. Dans le domaine\u00a0 de la sociologie urbaine, comme dans celui\u00a0 des politiques sociales, cette \u00e9tude vient donc combler quelques manques criants.<\/p>\n<h4><img loading=\"lazy\" class=\"size-full wp-image-1993 alignleft\" src=\"https:\/\/www.cites-castors.com\/wp-content\/uploads\/2019\/10\/Michel-Messu-1.jpg\" alt=\"\" width=\"113\" height=\"189\" \/><\/h4>\n<h4>Michel Messu<\/h4>\n<p style=\"text-align: justify;\">Est professeur de sociologie \u00e0 l&rsquo;universit\u00e9 de Nantes et directeur du Groupe d&rsquo;analyse du social et de la solidarit\u00e9 (GRASS) UMR CNRS-Paris 8.<br \/>\nIl a d\u00e9velopp\u00e9 ses analyses au cours d&rsquo;une excellente conf\u00e9rence lors de la Premi\u00e8re Rencontre Nationale des Cit\u00e9s Castors de France \u00e0 Pessac (Gironde) en mai 2018.<\/p>\n<p>&nbsp;<\/p>\n","protected":false},"featured_media":1992,"template":"","meta":[],"product_cat":[26],"product_tag":[],"_links":{"self":[{"href":"https:\/\/www.cites-castors.com\/index.php?rest_route=\/wp\/v2\/product\/1982"}],"collection":[{"href":"https:\/\/www.cites-castors.com\/index.php?rest_route=\/wp\/v2\/product"}],"about":[{"href":"https:\/\/www.cites-castors.com\/index.php?rest_route=\/wp\/v2\/types\/product"}],"wp:featuredmedia":[{"embeddable":true,"href":"https:\/\/www.cites-castors.com\/index.php?rest_route=\/wp\/v2\/media\/1992"}],"wp:attachment":[{"href":"https:\/\/www.cites-castors.com\/index.php?rest_route=%2Fwp%2Fv2%2Fmedia&parent=1982"}],"wp:term":[{"taxonomy":"product_cat","embeddable":true,"href":"https:\/\/www.cites-castors.com\/index.php?rest_route=%2Fwp%2Fv2%2Fproduct_cat&post=1982"},{"taxonomy":"product_tag","embeddable":true,"href":"https:\/\/www.cites-castors.com\/index.php?rest_route=%2Fwp%2Fv2%2Fproduct_tag&post=1982"}],"curies":[{"name":"wp","href":"https:\/\/api.w.org\/{rel}","templated":true}]}}