{"id":2009,"date":"2019-10-28T17:48:52","date_gmt":"2019-10-28T16:48:52","guid":{"rendered":"https:\/\/www.cites-castors.com\/?post_type=product&#038;p=2009"},"modified":"2021-11-03T18:12:48","modified_gmt":"2021-11-03T17:12:48","slug":"les-castors-de-pessac-eloise-darracq","status":"publish","type":"product","link":"https:\/\/www.cites-castors.com\/?product=les-castors-de-pessac-eloise-darracq","title":{"rendered":"Les Castors de Pessac &#8211; Elo\u00efse Darracq"},"content":{"rendered":"","protected":false},"excerpt":{"rendered":"<h4>Des logements ouvriers dans l&rsquo;agglom\u00e9ration Bordelaise<\/h4>\n<p style=\"text-align: justify;\">Etude d&rsquo;Elo\u00efse Darracq issue\u00a0 de son T.E.R. de ma\u00eetrise d&rsquo;histoire contemporaine de l&rsquo;Universit\u00e9 Michel de Montaigne &#8211; Bordeaux III &#8211; \u00ab\u00a0Le mouvement des Castors de Pessac, \u00e9tudes des r\u00e9seaux de solidarit\u00e9 \u00e0 travers la sociabilit\u00e9 Castor de 1948 au d\u00e9but des ann\u00e9es 1960\u00a0\u00bb a\u00a0 obtenu le Prix Jean Cavignac 2000.<\/p>\n<h4><img loading=\"lazy\" class=\"size-full wp-image-2011 alignleft\" src=\"https:\/\/www.cites-castors.com\/wp-content\/uploads\/2019\/10\/Eloise-Darracq.jpg\" alt=\"\" width=\"94\" height=\"146\" \/>Elo\u00efse Darracq<\/h4>\n<p style=\"text-align: justify;\">Est la fille de Alain Darracq et de Nicole Merle &#8211; petite-fille de deux familles Castors de Pessac : Pierre et Jeaninne Merle et Jean et Micheline Darracq.<br \/>\nSon ouvrage prim\u00e9 a fait l&rsquo;objet de sa publication sous la forme du Bulletin n\u00b078 du printemps 2002 de l&rsquo;Institut Aquitain d&rsquo;Etudes Sociales.<\/p>\n","protected":false},"featured_media":2010,"template":"","meta":[],"product_cat":[28],"product_tag":[],"_links":{"self":[{"href":"https:\/\/www.cites-castors.com\/index.php?rest_route=\/wp\/v2\/product\/2009"}],"collection":[{"href":"https:\/\/www.cites-castors.com\/index.php?rest_route=\/wp\/v2\/product"}],"about":[{"href":"https:\/\/www.cites-castors.com\/index.php?rest_route=\/wp\/v2\/types\/product"}],"wp:featuredmedia":[{"embeddable":true,"href":"https:\/\/www.cites-castors.com\/index.php?rest_route=\/wp\/v2\/media\/2010"}],"wp:attachment":[{"href":"https:\/\/www.cites-castors.com\/index.php?rest_route=%2Fwp%2Fv2%2Fmedia&parent=2009"}],"wp:term":[{"taxonomy":"product_cat","embeddable":true,"href":"https:\/\/www.cites-castors.com\/index.php?rest_route=%2Fwp%2Fv2%2Fproduct_cat&post=2009"},{"taxonomy":"product_tag","embeddable":true,"href":"https:\/\/www.cites-castors.com\/index.php?rest_route=%2Fwp%2Fv2%2Fproduct_tag&post=2009"}],"curies":[{"name":"wp","href":"https:\/\/api.w.org\/{rel}","templated":true}]}}