{"id":4061,"date":"2020-04-09T06:55:35","date_gmt":"2020-04-09T04:55:35","guid":{"rendered":"https:\/\/www.cites-castors.com\/?post_type=product&#038;p=4061"},"modified":"2025-10-29T13:53:04","modified_gmt":"2025-10-29T12:53:04","slug":"les-castors-batisseurs-de-reves","status":"publish","type":"product","link":"https:\/\/www.cites-castors.com\/?product=les-castors-batisseurs-de-reves","title":{"rendered":"Les Castors b\u00e2tisseurs de r\u00eaves &#8211; Annie Joly-L\u00e9opold"},"content":{"rendered":"","protected":false},"excerpt":{"rendered":"<p style=\"text-align: justify;\">Annie est une \u00ab\u00a0enfant de Castors\u00a0\u00bb. Elle a quatre ans en 1953 quand ses parents se lancent dans cette aventure : la construction de maisons situ\u00e9es sur deux sites, Sartrouville et Bezons avec 73 ouvriers de chez Peugeot.<br \/>\nDes difficult\u00e9s, des sacrifices, mais surtout des richesses qui se r\u00e9v\u00e9leront en chaque homme, en chaque famille, et qui permettront \u00e0 tous de se trouver et se construire.<br \/>\nA travers ses souvenirs Annie retrouve aussi toute sa complicit\u00e9 avec les autres enfants entre humour et \u00e9motion.<\/p>\n<p>&nbsp;<\/p>\n<p>&nbsp;<\/p>\n<p style=\"text-align: justify;\"><img loading=\"lazy\" class=\"wp-image-4063 alignleft\" src=\"https:\/\/www.cites-castors.com\/wp-content\/uploads\/2020\/04\/Annie-Joly177.jpg\" alt=\"\" width=\"136\" height=\"143\" \/><\/p>\n<p>&nbsp;<\/p>\n<p>&nbsp;<\/p>\n<p style=\"text-align: justify;\">Passionn\u00e9e de g\u00e9n\u00e9alogie Annie Joly-L\u00e9opold a \u00e9crit deux livres destin\u00e9s \u00e0 un public familial : \u00ab\u00a0Itin\u00e9raire d&rsquo;une rencontre\u00a0\u00bb et \u00ab\u00a04, all\u00e9e des Jasmins\u00a0\u00bb.<\/p>\n","protected":false},"featured_media":6231,"template":"","meta":[],"product_cat":[26],"product_tag":[],"_links":{"self":[{"href":"https:\/\/www.cites-castors.com\/index.php?rest_route=\/wp\/v2\/product\/4061"}],"collection":[{"href":"https:\/\/www.cites-castors.com\/index.php?rest_route=\/wp\/v2\/product"}],"about":[{"href":"https:\/\/www.cites-castors.com\/index.php?rest_route=\/wp\/v2\/types\/product"}],"wp:featuredmedia":[{"embeddable":true,"href":"https:\/\/www.cites-castors.com\/index.php?rest_route=\/wp\/v2\/media\/6231"}],"wp:attachment":[{"href":"https:\/\/www.cites-castors.com\/index.php?rest_route=%2Fwp%2Fv2%2Fmedia&parent=4061"}],"wp:term":[{"taxonomy":"product_cat","embeddable":true,"href":"https:\/\/www.cites-castors.com\/index.php?rest_route=%2Fwp%2Fv2%2Fproduct_cat&post=4061"},{"taxonomy":"product_tag","embeddable":true,"href":"https:\/\/www.cites-castors.com\/index.php?rest_route=%2Fwp%2Fv2%2Fproduct_tag&post=4061"}],"curies":[{"name":"wp","href":"https:\/\/api.w.org\/{rel}","templated":true}]}}